{"id":11043,"date":"2015-03-17T04:17:19","date_gmt":"2015-03-17T04:17:19","guid":{"rendered":"http:\/\/billio-demo.detheme.com\/?page_id=11043"},"modified":"2022-12-22T16:54:03","modified_gmt":"2022-12-22T16:54:03","slug":"home","status":"publish","type":"page","link":"https:\/\/esperancas.com\/en\/","title":{"rendered":"Home"},"content":{"rendered":"<div id=\"fb-root\"><\/div>\n<p>[vc_row expanded=&#8221;1&#8243; background_style=&#8221;cover&#8221; css=&#8221;.vc_custom_1429088227729{margin-top: -150px !important;margin-bottom: -130px !important;}&#8221; el_class=&#8221;hidden-xs&#8221;][vc_column][rev_slider_vc alias=&#8221;slider-construct&#8221;][\/vc_column][\/vc_row][vc_row background_style=&#8221;cover&#8221; css=&#8221;.vc_custom_1490899497399{margin-top: 120px !important;}&#8221;][vc_column width=&#8221;1\/6&#8243;][\/vc_column][vc_column width=&#8221;2\/3&#8243;]<div id=\"section-5\" class=\"dt-section-head center size-xlarge\" dir=\"ltr\">\n                <div><h2 style=\"font-weight:800\" class=\"section-main-title\">Areas of Activity<\/h2><\/div>\n        <\/div>[vc_column_text css_animation=&#8221;left-to-right&#8221;]<\/p>\n<p style=\"text-align: center;\">O core do nosso neg\u00f3cio \u00e9 a concep\u00e7\u00e3o, fabrico e montagem de implementos em constru\u00e7\u00e3o soldada para os seguintes sectores:<\/p>\n<p>[\/vc_column_text][\/vc_column][vc_column width=&#8221;1\/6&#8243;][\/vc_column][\/vc_row][vc_row expanded=&#8221;1&#8243; background_style=&#8221;cover&#8221; css=&#8221;.vc_custom_1426815585288{padding-right: 0px !important;padding-left: 0px !important;}&#8221;][vc_column width=&#8221;1\/4&#8243; css=&#8221;.vc_custom_1427772550327{border-top-width: 1px !important;border-right-width: 1px !important;border-bottom-width: 1px !important;border-left-width: 1px !important;border-left-color: rgba(0,0,0,0.1) !important;border-left-style: solid !important;border-right-color: rgba(0,0,0,0.1) !important;border-right-style: solid !important;border-top-color: rgba(0,0,0,0.1) !important;border-top-style: solid !important;border-bottom-color: rgba(0,0,0,0.1) !important;border-bottom-style: solid !important;}&#8221;]<div id=\"module_dt_iconboxes_5\" class=\"module_dt_iconboxes vc_custom_1570716266540\"><div class=\"dt-iconboxes layout-6\" data-uk-scrollspy=\"{cls:'uk-animation-fade', delay:300}\">\r\n                        <a target='_self' href='https:\/\/esperancas.com\/construcao-e-obras-publicas\/'><i class=\"icon-building-worker5\"><\/i><\/a>\r\n                        <h4>Constru\u00e7\u00e3o e Obras P\u00fablicas<\/h4><div class=\"dt-iconboxes-text\">\r\n                        <p><a href=\"https:\/\/esperancas.com\/construcao-e-obras-publicas\/\">Para a \u00e1rea de Constru\u00e7\u00e3o produzimos material acess\u00f3rio para Escavadoras, P\u00e1s Carregadoras, Retro Escavadoras, Skid Loaders, Multicarregadoras, Bulldozers e Motoniveladoras.<\/a><\/p>\n<\/div><\/div><\/div>[\/vc_column][vc_column width=&#8221;1\/4&#8243; css=&#8221;.vc_custom_1427772562950{border-top-width: 1px !important;border-bottom-width: 1px !important;border-top-color: rgba(0,0,0,0.1) !important;border-top-style: solid !important;border-bottom-color: rgba(0,0,0,0.1) !important;border-bottom-style: solid !important;}&#8221;]<div id=\"module_dt_iconboxes_6\" class=\"module_dt_iconboxes vc_custom_1570716365665\"><div class=\"dt-iconboxes layout-6\" data-uk-scrollspy=\"{cls:'uk-animation-fade', delay:300}\">\r\n                        <a target='_self' href='https:\/\/esperancas.com\/floresta\/'><i class=\"icon-building-construction9\"><\/i><\/a>\r\n                        <h4>Floresta<\/h4><div class=\"dt-iconboxes-text\">\r\n                        <p><a href=\"https:\/\/esperancas.com\/floresta\/\">Para a \u00e1rea Florestal produzimos material acess\u00f3rio para Escavadoras, P\u00e1s Carregadoras, Retro Escavadoras, Skid Loaders, Multicarregadoras, Bulldozers e Motoniveladoras.<\/a><\/p>\n<\/div><\/div><\/div>[\/vc_column][vc_column width=&#8221;1\/4&#8243; css=&#8221;.vc_custom_1427772575233{border-top-width: 1px !important;border-right-width: 1px !important;border-bottom-width: 1px !important;border-left-width: 1px !important;border-left-color: rgba(0,0,0,0.1) !important;border-left-style: solid !important;border-right-color: rgba(0,0,0,0.1) !important;border-right-style: solid !important;border-top-color: rgba(0,0,0,0.1) !important;border-top-style: solid !important;border-bottom-color: rgba(0,0,0,0.1) !important;border-bottom-style: solid !important;}&#8221;]<div id=\"module_dt_iconboxes_7\" class=\"module_dt_iconboxes vc_custom_1570716385334\"><div class=\"dt-iconboxes layout-6\" data-uk-scrollspy=\"{cls:'uk-animation-fade', delay:300}\">\r\n                        <a target='_self' href='https:\/\/esperancas.com\/reciclagem-e-ambiente\/'><i class=\"icon-building-smog\"><\/i><\/a>\r\n                        <h4>Reciclagem e Ambiente<\/h4><div class=\"dt-iconboxes-text\">\r\n                        <p><a href=\"https:\/\/esperancas.com\/reciclagem-e-ambiente\/\">Para a \u00e1rea da Reciclagem produzimos material acess\u00f3rio para Escavadoras, P\u00e1s Carregadoras, Multicarregadoras, Skid Loaders, Bulldozers e Tratores.<\/a><\/p>\n<\/div><\/div><\/div>[\/vc_column][vc_column width=&#8221;1\/4&#8243; css=&#8221;.vc_custom_1491515377715{border-top-width: 1px !important;border-right-width: 1px !important;border-bottom-width: 1px !important;border-left-width: 1px !important;border-left-color: rgba(0,0,0,0.1) !important;border-left-style: solid !important;border-right-color: rgba(0,0,0,0.1) !important;border-right-style: solid !important;border-top-color: rgba(0,0,0,0.1) !important;border-top-style: solid !important;border-bottom-color: rgba(0,0,0,0.1) !important;border-bottom-style: solid !important;}&#8221;]<div id=\"module_dt_iconboxes_8\" class=\"module_dt_iconboxes vc_custom_1570716403402\"><div class=\"dt-iconboxes layout-6\" data-uk-scrollspy=\"{cls:'uk-animation-fade', delay:300}\">\r\n                        <a target='_self' href='https:\/\/esperancas.com\/agricultura\/'><i class=\"icon-building-barrow\"><\/i><\/a>\r\n                        <h4>Agricultura<\/h4><div class=\"dt-iconboxes-text\">\r\n                        <p><a href=\"https:\/\/esperancas.com\/agricultura\/\">Para a \u00e1rea da Agricultura produzimos material acess\u00f3rio para Escavadoras, P\u00e1s Carregadoras e Dumpers.<\/a><\/p>\n<\/div><\/div><\/div>[\/vc_column][\/vc_row][vc_row expanded=&#8221;2&#8243; background_type=&#8221;video&#8221; video_source=&#8221;youtube&#8221; css=&#8221;.vc_custom_1548371466921{margin-top: 0px !important;margin-bottom: 0px !important;padding-top: 300px !important;padding-bottom: 300px !important;}&#8221; src=&#8221;&#8220;blob:https:\/\/www.youtube.com\/cc210d6e-a1ab-4fe2-9937-33cf8113fbe6&#8220;&#8221; width=&#8221;300&#8243; height=&#8221;&#8220;768&#8220;&#8221; frameborder=&#8221;&#8220;0&#8220;&#8221; class=&#8221;&#8220;video-stream&#8221; tabindex=&#8221;&#8220;-1&#8220;&#8221; loop=&#8221;loop&#8221; video_bg_url=&#8221;https:\/\/youtu.be\/7KNKjswPkjo&#8221;][vc_column][vc_row_inner][vc_column_inner width=&#8221;1\/6&#8243;][\/vc_column_inner][vc_column_inner width=&#8221;2\/3&#8243;]<div id=\"section-6\" class=\"dt-section-head center size-xlarge\" dir=\"ltr\">\n                <div><\/div>\n        <\/div>[vc_column_text css_animation=&#8221;left-to-right&#8221;]<\/p>\n<p>&nbsp;<\/p>\n<p>&nbsp;<\/p>\n<p>&nbsp;<\/p>\n<p>&nbsp;<\/p>\n<p>[\/vc_column_text][\/vc_column_inner][vc_column_inner width=&#8221;1\/6&#8243;][\/vc_column_inner][\/vc_row_inner][\/vc_column][\/vc_row][vc_row expanded=&#8221;1&#8243; background_style=&#8221;cover&#8221; css=&#8221;.vc_custom_1426845024332{margin-top: 0px !important;margin-bottom: 0px !important;padding-right: 0px !important;padding-left: 0px !important;}&#8221;][vc_column width=&#8221;1\/2&#8243; css=&#8221;.vc_custom_1427772641172{border-top-width: 1px !important;border-right-width: 1px !important;border-bottom-width: 1px !important;border-left-width: 1px !important;padding-top: 65px !important;padding-bottom: 65px !important;border-left-color: rgba(0,0,0,0.1) !important;border-left-style: solid !important;border-right-color: rgba(0,0,0,0.1) !important;border-right-style: solid !important;border-top-color: rgba(0,0,0,0.1) !important;border-top-style: solid !important;border-bottom-color: rgba(0,0,0,0.1) !important;border-bottom-style: solid !important;}&#8221;]<div id=\"section-7\" class=\"dt-section-head center size-small\" dir=\"ltr\">\n                <div><h2 class=\"section-main-title\">Facebook<\/h2><\/div>\n        <\/div>[vc_empty_space][vc_column_text]<\/p>\n<p style=\"text-align: center;\"><div class=\"fb-page\" data-href=\"https:\/\/www.facebook.com\/SPResperancas\" data-width=\"600\" data-height=\"70\" data-tabs=\"timeline,events,messages\" data-hide-cover=\"false\" data-show-facepile=\"false\" data-hide-cta=\"false\" data-small-header=\"false\" data-adapt-container-width=\"true\"><\/div>\n<p>[\/vc_column_text][\/vc_column][vc_column width=&#8221;1\/2&#8243; css=&#8221;.vc_custom_1548283567045{border-top-width: 1px !important;border-right-width: 1px !important;border-bottom-width: 1px !important;border-left-width: 1px !important;padding-top: 65px !important;padding-bottom: 65px !important;border-left-color: rgba(0,0,0,0.1) !important;border-left-style: solid !important;border-right-color: rgba(0,0,0,0.1) !important;border-right-style: solid !important;border-top-color: rgba(0,0,0,0.1) !important;border-top-style: solid !important;border-bottom-color: rgba(0,0,0,0.1) !important;border-bottom-style: solid !important;}&#8221;]<div id=\"section-8\" class=\"dt-section-head center size-small\" dir=\"ltr\">\n                <div><h2 class=\"section-main-title\">Linkedin<\/h2><\/div>\n        <\/div>[vc_empty_space][vc_column_text]<\/p>\n<p style=\"text-align: center;\"><a href=\"https:\/\/www.linkedin.com\/company\/spr-esperancas\/\" target=\"_blank\" rel=\"noopener noreferrer\"><img loading=\"lazy\" decoding=\"async\" class=\"alignnone wp-image-13698\" src=\"https:\/\/esperancas.com\/wp-content\/uploads\/2019\/01\/linkedin.jpg\" alt=\"\" width=\"450\" height=\"150\" srcset=\"https:\/\/esperancas.com\/wp-content\/uploads\/2019\/01\/linkedin.jpg 600w, https:\/\/esperancas.com\/wp-content\/uploads\/2019\/01\/linkedin-300x100.jpg 300w, https:\/\/esperancas.com\/wp-content\/uploads\/2019\/01\/linkedin-320x107.jpg 320w\" sizes=\"auto, (max-width: 450px) 100vw, 450px\" \/><\/a><\/p>\n<p>[\/vc_column_text][\/vc_column][\/vc_row][vc_row expanded=&#8221;2&#8243; background_style=&#8221;parallax&#8221; css=&#8221;.vc_custom_1426836572325{margin-top: 0px !important;margin-bottom: 0px !important;padding-top: 60px !important;padding-right: 60px !important;padding-bottom: 60px !important;padding-left: 60px !important;}&#8221; background_image=&#8221;10&#8243;][vc_column][vc_column_text css_animation=&#8221;left-to-right&#8221;]<\/p>\n<h2 style=\"text-align: center;\"><span style=\"color: #ffffff;\">PRECISA DE UM EQUIPAMENTO?<\/span><\/h2>\n<p style=\"text-align: center;\"><span style=\"font-size: 1.1em;\"><span style=\"color: #ffffff;\">A nossa equipa est\u00e1 pronta para ajudar, contacte j\u00e1 a SPR Esperan\u00e7as!<\/span> \u00a0\u00a0<\/span><\/p>\n<p style=\"text-align: center; margin-top: 25px;\"><a href=\"https:\/\/esperancas.com\/contactos\/\" class=\"btn btn-lg btn-ghost skin-light\" target=\"_self\">CONTACTE-NOS<\/a><\/p>\n<p>[\/vc_column_text][\/vc_column][\/vc_row][vc_row expanded=&#8221;1&#8243; background_style=&#8221;cover&#8221; css=&#8221;.vc_custom_1426845024332{margin-top: 0px !important;margin-bottom: 0px !important;padding-right: 0px !important;padding-left: 0px !important;}&#8221;][vc_column css=&#8221;.vc_custom_1548198688507{border-top-width: 1px !important;border-right-width: 1px !important;border-bottom-width: 1px !important;border-left-width: 1px !important;padding-top: 65px !important;padding-bottom: 65px !important;border-left-color: rgba(0,0,0,0.1) !important;border-left-style: solid !important;border-right-color: rgba(0,0,0,0.1) !important;border-right-style: solid !important;border-top-color: rgba(0,0,0,0.1) !important;border-top-style: solid !important;border-bottom-color: rgba(0,0,0,0.1) !important;border-bottom-style: solid !important;}&#8221;][vc_images_carousel images=&#8221;13749,13750,13751,13752,13753,13754,13755,13756,13757,13758,13759,13760,13761,13762,13763,13764,13765,13766,13767&#8243; img_size=&#8221;3000&#215;150&#8243; onclick=&#8221;link_no&#8221; speed=&#8221;3000&#8243; slides_per_view=&#8221;8&#8243; autoplay=&#8221;yes&#8221; hide_pagination_control=&#8221;yes&#8221; hide_prev_next_buttons=&#8221;yes&#8221; partial_view=&#8221;yes&#8221; wrap=&#8221;yes&#8221; title=&#8221;Marcas&#8221;][\/vc_column][\/vc_row]<\/p>","protected":false},"excerpt":{"rendered":"<p>[vc_row expanded=&#8221;1&#8243; background_style=&#8221;cover&#8221; css=&#8221;.vc_custom_1429088227729{margin-top: -150px !important;margin-bottom: -130px !important;}&#8221; el_class=&#8221;hidden-xs&#8221;][vc_column][rev_slider_vc alias=&#8221;slider-construct&#8221;][\/vc_column][\/vc_row][vc_row background_style=&#8221;cover&#8221; css=&#8221;.vc_custom_1490899497399{margin-top: 120px !important;}&#8221;][vc_column width=&#8221;1\/6&#8243;][\/vc_column][vc_column width=&#8221;2\/3&#8243;][vc_column_text css_animation=&#8221;left-to-right&#8221;] O core do nosso neg\u00f3cio \u00e9 a concep\u00e7\u00e3o, fabrico e montagem de implementos em constru\u00e7\u00e3o soldada para os seguintes sectores: [\/vc_column_text][\/vc_column][vc_column width=&#8221;1\/6&#8243;][\/vc_column][\/vc_row][vc_row expanded=&#8221;1&#8243; background_style=&#8221;cover&#8221; css=&#8221;.vc_custom_1426815585288{padding-right: 0px !important;padding-left: 0px !important;}&#8221;][vc_column width=&#8221;1\/4&#8243; css=&#8221;.vc_custom_1427772550327{border-top-width: 1px !important;border-right-width: 1px !important;border-bottom-width: 1px !important;border-left-width: 1px&hellip;<\/p>\n","protected":false},"author":1,"featured_media":0,"parent":0,"menu_order":0,"comment_status":"closed","ping_status":"open","template":"fullwidth.php","meta":{"footnotes":""},"class_list":["post-11043","page","type-page","status-publish","hentry"],"_links":{"self":[{"href":"https:\/\/esperancas.com\/en\/wp-json\/wp\/v2\/pages\/11043","targetHints":{"allow":["GET"]}}],"collection":[{"href":"https:\/\/esperancas.com\/en\/wp-json\/wp\/v2\/pages"}],"about":[{"href":"https:\/\/esperancas.com\/en\/wp-json\/wp\/v2\/types\/page"}],"author":[{"embeddable":true,"href":"https:\/\/esperancas.com\/en\/wp-json\/wp\/v2\/users\/1"}],"replies":[{"embeddable":true,"href":"https:\/\/esperancas.com\/en\/wp-json\/wp\/v2\/comments?post=11043"}],"version-history":[{"count":167,"href":"https:\/\/esperancas.com\/en\/wp-json\/wp\/v2\/pages\/11043\/revisions"}],"predecessor-version":[{"id":14079,"href":"https:\/\/esperancas.com\/en\/wp-json\/wp\/v2\/pages\/11043\/revisions\/14079"}],"wp:attachment":[{"href":"https:\/\/esperancas.com\/en\/wp-json\/wp\/v2\/media?parent=11043"}],"curies":[{"name":"wp","href":"https:\/\/api.w.org\/{rel}","templated":true}]}}