{"id":12730,"date":"2017-03-21T14:41:56","date_gmt":"2017-03-21T14:41:56","guid":{"rendered":"https:\/\/esperancas.com\/?page_id=12730"},"modified":"2022-12-22T11:44:45","modified_gmt":"2022-12-22T11:44:45","slug":"servicos","status":"publish","type":"page","link":"https:\/\/esperancas.com\/en\/servicos\/","title":{"rendered":"Services"},"content":{"rendered":"<div id=\"fb-root\"><\/div>\n<p>[vc_row][vc_column]<div id=\"section-1\" class=\"dt-section-head left size-small\" dir=\"ltr\">\n                <div><h2 class=\"section-main-title\">Servi\u00e7os<\/h2><\/div>\n        <\/div>[\/vc_column][\/vc_row][vc_row][vc_column width=&#8221;1\/2&#8243; css=&#8221;.vc_custom_1428301620658{margin-top: 60px !important;}&#8221;][vc_gallery interval=&#8221;3&#8243; images=&#8221;12823,12830,12829,12822&#8243; img_size=&#8221;400&#215;300&#8243;][\/vc_column][vc_column width=&#8221;1\/2&#8243; css=&#8221;.vc_custom_1492599700160{margin-top: 30px !important;}&#8221;][vc_column_text css=&#8221;.vc_custom_1579542299528{margin-top: 30px !important;}&#8221;]Actualmente a SPR Esperan\u00e7as, disp\u00f5e de um parque de m\u00e1quinas tecnologicamente evolu\u00eddas\u00a0que permitem a execu\u00e7\u00e3o de quase todas as tarefas de produ\u00e7\u00e3o para responder \u00e0s necessidades dos clientes.<\/p>\n<p>Servi\u00e7os dispon\u00edveis:<\/p>\n<ul>\n<li>Projecto \u2013 Solidworks, software de desenho param\u00e9trico 3D permanentemente atualizado que permite conceber qualquer tipo de equipamento com tempos de prepara\u00e7\u00e3o extremamente reduzidos.<\/li>\n<li>Corte t\u00e9rmico \u2013 2 Sistemas de corte Plasma de alta defini\u00e7\u00e3o (6000 x 3000 at\u00e9 20mm de espessura) e Pant\u00f3grafo de oxicorte (12000 x 2500 + 6000 x 2500 mm at\u00e9 300mm de espessura ).<\/li>\n<li>Maquina\u00e7\u00e3o \u2013 Tornos CNC e Convencionais e frezadoras<\/li>\n<li>Conforma\u00e7\u00e3o \u2013 Calandra e duas quinadeiras (uma com comando num\u00e9rico)<\/li>\n<li>Fura\u00e7\u00e3o \u2013 Radial, de coluna e de base electromagn\u00e9tica.<\/li>\n<li>Soldadura \u2013 M\u00e1quinas de mig-mag de 300 a 500 A.<\/li>\n<li>Acabamento \u2013 Cabine de Decapagem e Pintura<\/li>\n<\/ul>\n<p>[\/vc_column_text][\/vc_column][\/vc_row][vc_row][vc_column][vc_tta_accordion][vc_tta_section title=&#8221;SUBCONTRATA\u00c7\u00c3O&#8221; tab_id=&#8221;1499693674371-5ecd6aab-936b&#8221;][vc_column_text css=&#8221;.vc_custom_1490366434137{margin-top: 30px !important;}&#8221;]<em><strong>&#8220;Oferecemos aos nossos clientes um servi\u00e7o especializado de projeto e de fabrica\u00e7\u00e3o de pe\u00e7as met\u00e1licas em regime de subcontrata\u00e7\u00e3o.&#8221;<\/strong><\/em>[\/vc_column_text][vc_separator]<div id=\"section-2\" class=\"dt-section-head left size-small\" dir=\"ltr\">\n                <div><h2 class=\"section-main-title\">Vantagens em delegar o fabrico e\/ou concep\u00e7\u00e3o na nossa empresa:<\/h2><\/div>\n        <\/div>[vc_column_text css=&#8221;.vc_custom_1499693468157{margin-top: 30px !important;}&#8221;]<\/p>\n<ul class=\"gk_bullet4\">\n<li>Aus\u00eancia de tempo despendido no projecto<\/li>\n<li>Aus\u00eancia de capacidades t\u00e9cnicas necess\u00e1rias no caso concreto<\/li>\n<li>Delega\u00e7\u00e3o numa empresa especializada em projecto e fabrica\u00e7\u00e3o<\/li>\n<li>Elevado numero de componentes a fabricar<\/li>\n<li>Aus\u00eancia de investimento em maquinaria especifica<\/li>\n<li>Permite o fabrico de v\u00e1rios componentes em simult\u00e2neo, diminuindo o tempo para o produto final acabado<\/li>\n<li>Redu\u00e7\u00e3o dos custos de produ\u00e7\u00e3o<\/li>\n<\/ul>\n<p>[\/vc_column_text][vc_separator]<div id=\"section-3\" class=\"dt-section-head left size-small\" dir=\"ltr\">\n                <div><h2 class=\"section-main-title\">As nossas capacidade de subcontrata\u00e7\u00e3o incluem:<\/h2><\/div>\n        <\/div>[vc_column_text css=&#8221;.vc_custom_1499693514659{margin-top: 30px !important;}&#8221;]<\/p>\n<ul class=\"gk_bullet4\">\n<li>Projecto 3D (<em>SolidWorks\u00ae<\/em>)<\/li>\n<li>Corte CNC<\/li>\n<li>Soldadura<\/li>\n<li>Quinagem<\/li>\n<li>Montagem de conjuntos<\/li>\n<li>Acabamentos, decapagem, pintura, metaliza\u00e7\u00e3o e galvaniza\u00e7\u00e3o<\/li>\n<\/ul>\n<p>[\/vc_column_text][\/vc_tta_section][vc_tta_section title=&#8221;CORTE T\u00c9RMICO&#8221; tab_id=&#8221;1499693674460-d7606cde-9965&#8243;][vc_column_text]<em><strong>&#8220;A nossa empresa tem a capacidade de realizar cortes em chapa met\u00e1lica em diversos materiais e espessuras, com sistemas CNC.&#8221;<\/strong><\/em>[\/vc_column_text][vc_column_text]O nosso departamento de projeto concebe a sua ideia a partir das necessidades do cliente.[\/vc_column_text][vc_separator]<div id=\"section-4\" class=\"dt-section-head left size-custom\" dir=\"ltr\">\n                <div><h2 style=\"font-size:20px\" class=\"section-main-title\">OXICORTE<\/h2><\/div>\n        <\/div>[vc_single_image image=&#8221;12829&#8243; img_size=&#8221;400&#215;300&#8243;][vc_column_text]<\/p>\n<div>\u00c9 o processo ideal para o corte de pe\u00e7as em chapas em a\u00e7o de\u00a0<strong>grande espessura<\/strong>.<\/div>\n<div>\n<ul class=\"gk_bullet4\">\n<li>Cortes direitos<\/li>\n<li>Cortes de formas b\u00e1sicas<\/li>\n<li>Cortes de pe\u00e7as em formatos complexos<\/li>\n<li>Lettering (letras e s\u00edmbolos)<\/li>\n<li>Desenhos art\u00edsticos<\/li>\n<\/ul>\n<\/div>\n<p>[\/vc_column_text][vc_separator]<div id=\"section-5\" class=\"dt-section-head left size-custom\" dir=\"ltr\">\n                <div><h2 style=\"font-size:20px\" class=\"section-main-title\">PLASMA<\/h2><\/div>\n        <\/div>[vc_single_image image=&#8221;12830&#8243; img_size=&#8221;400&#215;300&#8243;][vc_column_text]<\/p>\n<div>\n<div>Permite o corte de chapas de espessuras reduzidas a maiores velocidades, com elevada qualidade, permitindo tamb\u00e9m al\u00e9m do a\u00e7o, o corte de materiais n\u00e3o ferrosos como\u00a0<strong>inox<\/strong>\u00a0e\u00a0<strong>alum\u00ednio<\/strong>.<\/div>\n<div>\n<ul class=\"gk_bullet4\">\n<li>Cortes de pe\u00e7as em formatos complexos<\/li>\n<li>Lettering (letras e s\u00edmbolos)<\/li>\n<li>Desenhos art\u00edsticos<\/li>\n<\/ul>\n<\/div>\n<\/div>\n<div><\/div>\n<p>[\/vc_column_text][\/vc_tta_section][\/vc_tta_accordion][\/vc_column][\/vc_row]<\/p>\n","protected":false},"excerpt":{"rendered":"<p>[vc_row][vc_column][\/vc_column][\/vc_row][vc_row][vc_column width=&#8221;1\/2&#8243; css=&#8221;.vc_custom_1428301620658{margin-top: 60px !important;}&#8221;][vc_gallery interval=&#8221;3&#8243; images=&#8221;12823,12830,12829,12822&#8243; img_size=&#8221;400&#215;300&#8243;][\/vc_column][vc_column width=&#8221;1\/2&#8243; css=&#8221;.vc_custom_1492599700160{margin-top: 30px !important;}&#8221;][vc_column_text css=&#8221;.vc_custom_1579542299528{margin-top: 30px !important;}&#8221;]Actualmente a SPR Esperan\u00e7as, disp\u00f5e de um parque de m\u00e1quinas tecnologicamente evolu\u00eddas\u00a0que permitem a execu\u00e7\u00e3o de quase todas as tarefas de produ\u00e7\u00e3o para responder \u00e0s necessidades dos clientes. Servi\u00e7os dispon\u00edveis: Projecto \u2013 Solidworks, software de desenho param\u00e9trico 3D permanentemente atualizado que&hellip;<\/p>\n","protected":false},"author":1,"featured_media":0,"parent":0,"menu_order":0,"comment_status":"open","ping_status":"open","template":"fullwidth.php","meta":{"footnotes":""},"class_list":["post-12730","page","type-page","status-publish","hentry"],"_links":{"self":[{"href":"https:\/\/esperancas.com\/en\/wp-json\/wp\/v2\/pages\/12730","targetHints":{"allow":["GET"]}}],"collection":[{"href":"https:\/\/esperancas.com\/en\/wp-json\/wp\/v2\/pages"}],"about":[{"href":"https:\/\/esperancas.com\/en\/wp-json\/wp\/v2\/types\/page"}],"author":[{"embeddable":true,"href":"https:\/\/esperancas.com\/en\/wp-json\/wp\/v2\/users\/1"}],"replies":[{"embeddable":true,"href":"https:\/\/esperancas.com\/en\/wp-json\/wp\/v2\/comments?post=12730"}],"version-history":[{"count":28,"href":"https:\/\/esperancas.com\/en\/wp-json\/wp\/v2\/pages\/12730\/revisions"}],"predecessor-version":[{"id":14057,"href":"https:\/\/esperancas.com\/en\/wp-json\/wp\/v2\/pages\/12730\/revisions\/14057"}],"wp:attachment":[{"href":"https:\/\/esperancas.com\/en\/wp-json\/wp\/v2\/media?parent=12730"}],"curies":[{"name":"wp","href":"https:\/\/api.w.org\/{rel}","templated":true}]}}