{"id":12732,"date":"2017-03-21T14:43:07","date_gmt":"2017-03-21T14:43:07","guid":{"rendered":"https:\/\/esperancas.com\/?page_id=12732"},"modified":"2022-12-22T11:43:54","modified_gmt":"2022-12-22T11:43:54","slug":"produtos","status":"publish","type":"page","link":"https:\/\/esperancas.com\/en\/produtos\/","title":{"rendered":"Products"},"content":{"rendered":"<div id=\"fb-root\"><\/div>\n<p>[vc_row background_style=&#8221;cover&#8221; css=&#8221;.vc_custom_1427792769516{margin-top: 30px !important;}&#8221;][vc_column][vc_column_text]<\/p>\n<h1>Produtos<\/h1>\n<p>O core do nosso neg\u00f3cio \u00e9 a concep\u00e7\u00e3o, fabrico e montagem de implementos em constru\u00e7\u00e3o soldada.[\/vc_column_text][\/vc_column][\/vc_row][vc_row background_style=&#8221;cover&#8221; css=&#8221;.vc_custom_1428460385159{margin-top: -1px !important;}&#8221;][vc_column][vc_separator color=&#8221;custom&#8221; accent_color=&#8221;rgba(0,0,0,0.1)&#8221;][\/vc_column][\/vc_row][vc_row background_style=&#8221;cover&#8221; css=&#8221;.vc_custom_1428460385159{margin-top: -1px !important;}&#8221;][vc_column width=&#8221;1\/3&#8243;][vc_single_image image=&#8221;13960&#8243; img_size=&#8221;360&#215;320&#8243; onclick=&#8221;custom_link&#8221; image_hover=&#8221;image&#8221; image_hover_src=&#8221;13165&#8243; link=&#8221;https:\/\/esperancas.com\/areas-de-actividade\/&#8221;][\/vc_column][vc_column width=&#8221;1\/3&#8243;][vc_single_image image=&#8221;13961&#8243; img_size=&#8221;360&#215;320&#8243; onclick=&#8221;custom_link&#8221; image_hover=&#8221;image&#8221; image_hover_src=&#8221;13167&#8243; link=&#8221;https:\/\/esperancas.com\/tipo-de-maquina\/&#8221;][\/vc_column][vc_column width=&#8221;1\/3&#8243;][vc_single_image image=&#8221;13962&#8243; img_size=&#8221;360&#215;320&#8243; onclick=&#8221;custom_link&#8221; image_hover=&#8221;image&#8221; image_hover_src=&#8221;13169&#8243; link=&#8221;https:\/\/esperancas.com\/equipamentos\/&#8221;][\/vc_column][\/vc_row]<\/p>\n","protected":false},"excerpt":{"rendered":"<p>[vc_row background_style=&#8221;cover&#8221; css=&#8221;.vc_custom_1427792769516{margin-top: 30px !important;}&#8221;][vc_column][vc_column_text] Produtos O core do nosso neg\u00f3cio \u00e9 a concep\u00e7\u00e3o, fabrico e montagem de implementos em constru\u00e7\u00e3o soldada.[\/vc_column_text][\/vc_column][\/vc_row][vc_row background_style=&#8221;cover&#8221; css=&#8221;.vc_custom_1428460385159{margin-top: -1px !important;}&#8221;][vc_column][vc_separator color=&#8221;custom&#8221; accent_color=&#8221;rgba(0,0,0,0.1)&#8221;][\/vc_column][\/vc_row][vc_row background_style=&#8221;cover&#8221; css=&#8221;.vc_custom_1428460385159{margin-top: -1px !important;}&#8221;][vc_column width=&#8221;1\/3&#8243;][vc_single_image image=&#8221;13960&#8243; img_size=&#8221;360&#215;320&#8243; onclick=&#8221;custom_link&#8221; image_hover=&#8221;image&#8221; image_hover_src=&#8221;13165&#8243; link=&#8221;https:\/\/esperancas.com\/areas-de-actividade\/&#8221;][\/vc_column][vc_column width=&#8221;1\/3&#8243;][vc_single_image image=&#8221;13961&#8243; img_size=&#8221;360&#215;320&#8243; onclick=&#8221;custom_link&#8221; image_hover=&#8221;image&#8221; image_hover_src=&#8221;13167&#8243; link=&#8221;https:\/\/esperancas.com\/tipo-de-maquina\/&#8221;][\/vc_column][vc_column width=&#8221;1\/3&#8243;][vc_single_image image=&#8221;13962&#8243; img_size=&#8221;360&#215;320&#8243; onclick=&#8221;custom_link&#8221; image_hover=&#8221;image&#8221; image_hover_src=&#8221;13169&#8243; link=&#8221;https:\/\/esperancas.com\/equipamentos\/&#8221;][\/vc_column][\/vc_row]<\/p>\n","protected":false},"author":1,"featured_media":0,"parent":0,"menu_order":0,"comment_status":"closed","ping_status":"open","template":"fullwidth.php","meta":{"footnotes":""},"class_list":["post-12732","page","type-page","status-publish","hentry"],"_links":{"self":[{"href":"https:\/\/esperancas.com\/en\/wp-json\/wp\/v2\/pages\/12732","targetHints":{"allow":["GET"]}}],"collection":[{"href":"https:\/\/esperancas.com\/en\/wp-json\/wp\/v2\/pages"}],"about":[{"href":"https:\/\/esperancas.com\/en\/wp-json\/wp\/v2\/types\/page"}],"author":[{"embeddable":true,"href":"https:\/\/esperancas.com\/en\/wp-json\/wp\/v2\/users\/1"}],"replies":[{"embeddable":true,"href":"https:\/\/esperancas.com\/en\/wp-json\/wp\/v2\/comments?post=12732"}],"version-history":[{"count":74,"href":"https:\/\/esperancas.com\/en\/wp-json\/wp\/v2\/pages\/12732\/revisions"}],"predecessor-version":[{"id":14056,"href":"https:\/\/esperancas.com\/en\/wp-json\/wp\/v2\/pages\/12732\/revisions\/14056"}],"wp:attachment":[{"href":"https:\/\/esperancas.com\/en\/wp-json\/wp\/v2\/media?parent=12732"}],"curies":[{"name":"wp","href":"https:\/\/api.w.org\/{rel}","templated":true}]}}