{"id":13386,"date":"2017-07-19T10:18:00","date_gmt":"2017-07-19T10:18:00","guid":{"rendered":"https:\/\/esperancas.com\/?page_id=13386"},"modified":"2017-07-19T11:08:13","modified_gmt":"2017-07-19T11:08:13","slug":"spr-cop-minesc-engate-rapido-universal","status":"publish","type":"page","link":"https:\/\/esperancas.com\/en\/spr-cop-minesc-engate-rapido-universal\/","title":{"rendered":"Engate R\u00e1pido Universal"},"content":{"rendered":"<div id=\"fb-root\"><\/div>\n<p>[vc_row background_style=&#8221;cover&#8221; css=&#8221;.vc_custom_1427954677088{margin-top: 20px !important;margin-bottom: 30px !important;}&#8221;][vc_column]<div id=\"section-1\" class=\"dt-section-head left size-default\" dir=\"ltr\">\n                <div><h2 style=\"color:#444444\" class=\"section-main-title\">ENGATE R\u00c1PIDO UNIVERSAL<\/h2><\/div>\n        <\/div>[vc_row_inner css=&#8221;.vc_custom_1427954499637{margin-top: 20px !important;margin-bottom: 60px !important;}&#8221;][vc_column_inner width=&#8221;1\/2&#8243; css=&#8221;.vc_custom_1429175952910{margin-bottom: 30px !important;padding-left: 0px !important;}&#8221;][vc_gallery interval=&#8221;3&#8243; images=&#8221;13390,13391,13392,13393&#8243; img_size=&#8221;400&#215;300&#8243;][vc_column_text]Equipamento destinado a uma r\u00e1pida substitui\u00e7\u00e3o de implementos, optimizando tempo e esfor\u00e7o.<\/p>\n<p>N\u00e3o necessita da altera\u00e7\u00e3o dos engates dos implementos.<\/p>\n<p>Nas classes E10 e E30, est\u00e1 dispon\u00edvel apenas na vers\u00e3o mec\u00e2nica.<br \/>\nNa classe E50, est\u00e1 dispon\u00edvel em ambas as vers\u00f5es, hidr\u00e1ulica ou mec\u00e2nica.[\/vc_column_text][\/vc_column_inner][vc_column_inner width=&#8221;1\/2&#8243;][vc_column_text el_class=&#8221;col-lg-6&#8243;]<\/p>\n<h4 class=\"section-main-title\"><span class=\"primary_color_text\">01.<\/span>\u00a0Texto 1<\/h4>\n<p class=\"section-main-title\">Globally incubate standards compliant channels before scalable benefits. Quickly disseminate superior deliverables whereas web-enabled applications. Quickly drive clicks-and-mortar catalysts for change before vertical architectures.<\/p>\n<p>[\/vc_column_text][vc_column_text el_class=&#8221;col-lg-6&#8243;]<\/p>\n<h4 class=\"section-main-title\"><span class=\"primary_color_text\">02.<\/span>\u00a0Texto 2<\/h4>\n<p class=\"section-main-title\">Progressively maintain extensive infomediaries via extensible niches. Dramatically disseminate standardized metrics after resource-leveling processes. Objectively pursue diverse catalysts for change for interoperable meta-services.<\/p>\n<p>[\/vc_column_text][vc_column_text el_class=&#8221;col-lg-6&#8243;]<\/p>\n<h4 class=\"section-main-title\"><span class=\"primary_color_text\">03.<\/span> Texto 3<\/h4>\n<p class=\"section-main-title\">Distinctively re-engineer revolutionary meta-services and premium architectures. Intrinsically incubate intuitive opportunities and real-time potentialities. Appropriately communicate one-to-one technology after plug-and-play networks.<\/p>\n<p>[\/vc_column_text][vc_column_text el_class=&#8221;col-lg-6&#8243;]<\/p>\n<h4 class=\"section-main-title\"><span class=\"primary_color_text\">04.<\/span>\u00a0Texto 4<\/h4>\n<p class=\"section-main-title\">Appropriately empower dynamic leadership skills after business portals. Globally myocardinate interactive supply chains with distinctive quality vectors. Globally revolutionize global sources through interoperable leadership rather.<\/p>\n<p>[\/vc_column_text][vc_btn title=&#8221;Download Cat\u00e1logo&#8221; color=&#8221;danger&#8221; i_icon_fontawesome=&#8221;fa fa-download&#8221; add_icon=&#8221;true&#8221;][\/vc_column_inner][\/vc_row_inner][vc_separator color=&#8221;custom&#8221; accent_color=&#8221;rgba(0,0,0,0.1)&#8221;][vc_video link=&#8221;https:\/\/www.youtube.com\/watch?v=aYBclZpPOeM&amp;feature=youtu.be&amp;wmode=opaque&amp;autohide=1&amp;autoplay=1&amp;loop=1&amp;volume=0&amp;vol=0&amp;mute=1&#8243; el_width=&#8221;50&#8243;][vc_column_text]<em>\u201cOs dados t\u00e9cnicos, imagens e v\u00eddeos apresentados tem caracter meramente indicativo, podem n\u00e3o corresponder \u00e0 vers\u00e3o standard do equipamento, reservando-se a empresa o direito de introduzir altera\u00e7\u00f5es nos produtos sempre que necess\u00e1rio, sem aviso pr\u00e9vio\u201d<\/em>.[\/vc_column_text][\/vc_column][\/vc_row]<\/p>\n","protected":false},"excerpt":{"rendered":"<p>[vc_row background_style=&#8221;cover&#8221; css=&#8221;.vc_custom_1427954677088{margin-top: 20px !important;margin-bottom: 30px !important;}&#8221;][vc_column][vc_row_inner css=&#8221;.vc_custom_1427954499637{margin-top: 20px !important;margin-bottom: 60px !important;}&#8221;][vc_column_inner width=&#8221;1\/2&#8243; css=&#8221;.vc_custom_1429175952910{margin-bottom: 30px !important;padding-left: 0px !important;}&#8221;][vc_gallery interval=&#8221;3&#8243; images=&#8221;13390,13391,13392,13393&#8243; img_size=&#8221;400&#215;300&#8243;][vc_column_text]Equipamento destinado a uma r\u00e1pida substitui\u00e7\u00e3o de implementos, optimizando tempo e esfor\u00e7o. N\u00e3o necessita da altera\u00e7\u00e3o dos engates dos implementos. Nas classes E10 e E30, est\u00e1 dispon\u00edvel apenas na vers\u00e3o mec\u00e2nica. Na classe E50, est\u00e1&hellip;<\/p>\n","protected":false},"author":1,"featured_media":0,"parent":0,"menu_order":0,"comment_status":"closed","ping_status":"open","template":"fullwidth.php","meta":{"footnotes":""},"class_list":["post-13386","page","type-page","status-publish","hentry"],"_links":{"self":[{"href":"https:\/\/esperancas.com\/en\/wp-json\/wp\/v2\/pages\/13386","targetHints":{"allow":["GET"]}}],"collection":[{"href":"https:\/\/esperancas.com\/en\/wp-json\/wp\/v2\/pages"}],"about":[{"href":"https:\/\/esperancas.com\/en\/wp-json\/wp\/v2\/types\/page"}],"author":[{"embeddable":true,"href":"https:\/\/esperancas.com\/en\/wp-json\/wp\/v2\/users\/1"}],"replies":[{"embeddable":true,"href":"https:\/\/esperancas.com\/en\/wp-json\/wp\/v2\/comments?post=13386"}],"version-history":[{"count":15,"href":"https:\/\/esperancas.com\/en\/wp-json\/wp\/v2\/pages\/13386\/revisions"}],"predecessor-version":[{"id":13389,"href":"https:\/\/esperancas.com\/en\/wp-json\/wp\/v2\/pages\/13386\/revisions\/13389"}],"wp:attachment":[{"href":"https:\/\/esperancas.com\/en\/wp-json\/wp\/v2\/media?parent=13386"}],"curies":[{"name":"wp","href":"https:\/\/api.w.org\/{rel}","templated":true}]}}