{"id":12726,"date":"2017-03-21T13:49:09","date_gmt":"2017-03-21T13:49:09","guid":{"rendered":"https:\/\/esperancas.com\/?page_id=12726"},"modified":"2022-12-22T11:43:05","modified_gmt":"2022-12-22T11:43:05","slug":"sobre-nos","status":"publish","type":"page","link":"https:\/\/esperancas.com\/es\/sobre-nos\/","title":{"rendered":"Sobre Nosotros"},"content":{"rendered":"<div id=\"fb-root\"><\/div>\n<p>[vc_row background_style=\u00bbcover\u00bb css=\u00bb.vc_custom_1427954677088{margin-top: 20px !important;margin-bottom: 30px !important;}\u00bb][vc_column]<div id=\"section-1\" class=\"dt-section-head left size-default\" dir=\"ltr\">\n                <div><h2 style=\"color:#444444\" class=\"section-main-title\">SOBRE N\u00d3S<\/h2><\/div>\n        <\/div>[vc_row_inner css=\u00bb.vc_custom_1427954499637{margin-top: 20px !important;margin-bottom: 60px !important;}\u00bb][vc_column_inner width=\u00bb1\/2&#8243; css=\u00bb.vc_custom_1429175952910{margin-bottom: 30px !important;padding-left: 0px !important;}\u00bb][vc_single_image image=\u00bb13783&#8243; img_size=\u00bb400&#215;270&#8243; css=\u00bb.vc_custom_1579531408480{margin-bottom: 30px !important;}\u00bb][\/vc_column_inner][vc_column_inner width=\u00bb1\/2&#8243;][vc_column_text]Somos uma empresa portuguesa com um papel reconhecidamente relevante no sector do fabrico e repara\u00e7\u00e3o de equipamentos met\u00e1licos, onde opera desde a segunda d\u00e9cada do s\u00e9culo passado. Assente numa enorme capacidade tecnol\u00f3gica para o desenvolvimento de projetos de equipamentos comprovadamente robustos e numa perfeita adequa\u00e7\u00e3o ao fim a que se destinam.<\/p>\n<p>O nosso neg\u00f3cio core \u00e9 a conce\u00e7\u00e3o, fabrico e montagem de implementos em constru\u00e7\u00e3o soldada para os sectores da constru\u00e7\u00e3o civil e obras p\u00fablicas, ind\u00fastria extrativa, movimenta\u00e7\u00e3o de madeiras, mobiliza\u00e7\u00e3o de solos e movimenta\u00e7\u00e3o de cargas (m\u00e1quinas industriais), agricultura, floresta, material rodovi\u00e1rio e ambiente.<\/p>\n<p>Produzimos modelos pr\u00f3prios ou em parceria com grandes empresas nacionais e internacionais.[\/vc_column_text][\/vc_column_inner][\/vc_row_inner][\/vc_column][\/vc_row][vc_row background_style=\u00bbcover\u00bb][vc_column][vc_row_inner css=\u00bb.vc_custom_1427954499637{margin-top: 20px !important;margin-bottom: 60px !important;}\u00bb][vc_column_inner][vc_column_text]<\/p>\n<h4 class=\"section-main-title\"><span class=\"primary_color_text\">01.<\/span>\u00a0Vis\u00e3o<\/h4>\n<p>A J.J.M. Esperan\u00e7a Lda assume o compromisso da Melhoria da Satisfa\u00e7\u00e3o dos Clientes, e Colaboradores e o estabelecimento de rela\u00e7\u00f5es sustentadas com todas as suas envolventes, com o objetivo de se afirmar pela capacidade tecnol\u00f3gica, pelo vanguardismo e pela responsabilidade social distinguindo-se dos demais concorrentes, e levando a que cada cliente e a sociedade em geral, pela sua satisfa\u00e7\u00e3o, recomendem os nossos produtos e servi\u00e7os.[\/vc_column_text][vc_separator color=\u00bbcustom\u00bb accent_color=\u00bbrgba(0,0,0,0.1)\u00bb][vc_column_text]<\/p>\n<h4 class=\"section-main-title\"><span class=\"primary_color_text\">02.<\/span>\u00a0Valores<\/h4>\n<p>Neste sentido, assume:<\/p>\n<ul class=\"gk_bullet4\">\n<li>A preocupa\u00e7\u00e3o constante de identificar e corresponder aos requisitos e expectativas, atuais e futuras, dos clientes, numa perfeita rela\u00e7\u00e3o win-win;<\/li>\n<li>Promover uma vis\u00e3o integradora dos clientes, colaboradores e fornecedores na estrutura do Sistema de Gest\u00e3o e garantir o escrupuloso cumprimento dos requisitos contratuais;<\/li>\n<li>Promover o desenvolvimento das pessoas na organiza\u00e7\u00e3o atrav\u00e9s da melhoria dos n\u00edveis de sensibiliza\u00e7\u00e3o, forma\u00e7\u00e3o e compet\u00eancia dos colaboradores;<\/li>\n<li>Promover a participa\u00e7\u00e3o de todos os colaboradores e de todos aqueles que trabalham em nome da empresa, nos objetivos assumidos, atrav\u00e9s da forma\u00e7\u00e3o e sensibiliza\u00e7\u00e3o, da promo\u00e7\u00e3o do trabalho em equipa e da melhoria da comunica\u00e7\u00e3o interna;<\/li>\n<li>Promover a participa\u00e7\u00e3o de todos os colaboradores e de todos aqueles que trabalham em nome da empresa, nos objetivos assumidos, atrav\u00e9s da forma\u00e7\u00e3o e sensibiliza\u00e7\u00e3o, da promo\u00e7\u00e3o do trabalho em equipa e da melhoria da comunica\u00e7\u00e3o interna;<\/li>\n<li>Desenvolvimento de rela\u00e7\u00f5es mutuamente ben\u00e9ficas com os fornecedores;<\/li>\n<li>Desenvolver internamente as rela\u00e7\u00f5es cliente\/fornecedor como forma de melhoria cont\u00ednua;<\/li>\n<li>Redu\u00e7\u00e3o gradual e continuada dos custos das falhas;<\/li>\n<li>Garantir o cumprimento dos requisitos do Sistema estabelecido, de acordo com a ISO 9001:2015;<\/li>\n<li>Melhoria cont\u00ednua do desempenho dos processos e da efic\u00e1cia do Sistema de Gest\u00e3o atrav\u00e9s da melhor utiliza\u00e7\u00e3o dos recursos e tecnologias dispon\u00edveis;<\/li>\n<li>Cumprir com os requisitos legais e regulamentares aplic\u00e1veis aos produtos, servi\u00e7os e atividades;<\/li>\n<li>Melhoria cont\u00ednua das condi\u00e7\u00f5es de sa\u00fade, higiene e seguran\u00e7a no trabalho, identificando os perigos, avaliando e controlando dos riscos associados \u00e0s atividades realizadas, prevenindo a ocorr\u00eancia de acidentes e proporcionando maior conforto na realiza\u00e7\u00e3o do trabalho, atrav\u00e9s da informa\u00e7\u00e3o e disponibiliza\u00e7\u00e3o dos meios de prote\u00e7\u00e3o, de modo a minimizar a exposi\u00e7\u00e3o aos fatores de risco que n\u00e3o podem ser eliminados;<\/li>\n<li>Melhoria cont\u00ednua do desempenho ambiental atrav\u00e9s da identifica\u00e7\u00e3o e avalia\u00e7\u00e3o dos aspetos ambientais, associados \u00e0s atividades, produtos ou servi\u00e7os, que a organiza\u00e7\u00e3o controla ou pode influenciar, com o objetivo de minimizar ou eliminar os impactes ambientais decorrentes, prevenindo a polui\u00e7\u00e3o;<\/li>\n<li>Procura de obten\u00e7\u00e3o de vantagens competitivas atrav\u00e9s de projetos que se traduzam em aumentos significativos de produtividade;<\/li>\n<li>Atribuir de forma eficiente os recursos \u00e0s diversas atividades, numa \u00f3tica de cria\u00e7\u00e3o de valor, monitorizando a performance econ\u00f3mica e financeira de cada unidade de neg\u00f3cio, melhorando continuamente os processos de forma a incrementar gradualmente a produtividade dos processos produtivos.<\/li>\n<\/ul>\n<p>[\/vc_column_text][vc_separator color=\u00bbcustom\u00bb accent_color=\u00bbrgba(0,0,0,0.1)\u00bb][vc_column_text]<\/p>\n<h4 class=\"section-main-title\"><span class=\"primary_color_text\">03.<\/span>\u00a0Qualidade<\/h4>\n<p>A Qualidade na J.J.M. Esperan\u00e7a \u00e9 compreendida como ferramenta vital para atingir o sucesso e a satisfa\u00e7\u00e3o dos nossos Clientes. Desta forma, os equipamentos por n\u00f3s fabricados s\u00e3o sujeitos a rigorosos testes e ensaios antes de serem colocados no mercado.<br \/>\nO Sistema de Gest\u00e3o da Qualidade da empresa encontra-se certificado pela TUV, segundo a norma NP EN ISO 9001:2015.<br \/>\nA nossa Pol\u00edtica de Qualidade assenta num conjunto de aspetos considerados fundamentais: crescimento sustentado, equipa jovem e motivada, boa lideran\u00e7a de equipa, produtos inovadores e de elevada qualidade, fornecedores devidamente selecionados, ambiente de trabalho saud\u00e1vel e seguro.<br \/>\nA J.J.M. Esperan\u00e7a quer manter a sua posi\u00e7\u00e3o de refer\u00eancia no mercado. Um crescimento sustentado numa l\u00f3gica win-win \u00e9 o nosso objetivo principal. Desta forma, queremos manter e refor\u00e7ar a confian\u00e7a m\u00fatua com todos os <em>players<\/em>, previsibilidade de a\u00e7\u00e3o, seriedade e retid\u00e3o, tanto internamente como para o exterior da empresa.<br \/>\nOferecer aos nossos clientes produtos inovadores e de elevada qualidade, um servi\u00e7o r\u00e1pido e eficiente s\u00e3o as diretrizes b\u00e1sicas para a execu\u00e7\u00e3o de todos os trabalhos di\u00e1rios.<br \/>\nA gest\u00e3o da empresa, caracteriza-se por express\u00f5es como juventude, alegria, otimismo, agressividade e disponibilidade.<br \/>\nA Ger\u00eancia compromete-se a oferecer aos seus colaboradores um ambiente de trabalho saud\u00e1vel e seguro. Meios f\u00edsicos, tecnol\u00f3gicos e forma\u00e7\u00e3o adequada ser\u00e3o disponibilizados para que todos os colaboradores se sintam entusiasmados com as suas tarefas e responsabilidades.<br \/>\nAos nossos fornecedores garantimos \u00e9tica e transpar\u00eancia nas rela\u00e7\u00f5es comerciais. Exigimos, no entanto, produtos de qualidade e cumprimento dos prazos e das especifica\u00e7\u00f5es acordadas.<br \/>\nA seguran\u00e7a de dados e instala\u00e7\u00f5es, integridade f\u00edsica e moral dos colaboradores e a defesa e prote\u00e7\u00e3o do meio ambiente \u00e9 um compromisso de todos.<br \/>\nA Ger\u00eancia lidera todo o processo de melhoria cont\u00ednua da efic\u00e1cia da atividade da empresa, incentivando a din\u00e2mica, entusiasmo, criatividade e autonomia. Ao trabalho de \u00abequipa\u00bb \u00e9 sempre dado destaque especial.[\/vc_column_text][vc_separator color=\u00bbcustom\u00bb accent_color=\u00bbrgba(0,0,0,0.1)\u00bb][\/vc_column_inner][\/vc_row_inner]<div id=\"section-2\" class=\"dt-section-head left size-default\" dir=\"ltr\">\n                <div><h2 style=\"color:#444444\" class=\"section-main-title\">Hist\u00f3ria<\/h2><\/div>\n        <\/div>[vc_column_text css=\u00bb.vc_custom_1579535674432{margin-top: 20px !important;}\u00bb]De um pequeno neg\u00f3cio, a uma das mais conceituadas empresas do seu sector, com cerca de 60 colaboradores e uma \u00e1rea superior a 12000 metros quadrados. Como a J.J.M. Esperan\u00e7a Lda se tornou uma das empresas de refer\u00eancia na concep\u00e7\u00e3o e fabrico de equipamentos.[\/vc_column_text][\/vc_column][\/vc_row][vc_row background_style=\u00bbcover\u00bb][vc_column][dt_timeline][dt_timeline_item][vc_single_image image=\u00bb5&#8243; img_size=\u00bbfull\u00bb][vc_column_text]<\/p>\n<h1><span class=\"primary_color_text\" style=\"font-size: 0.9em;\">1918<\/span><\/h1>\n<h4>O fundador da empresa<\/h4>\n<p>O fundador da empresa, Sr. Jos\u00e9 Jorge Esperan\u00e7a, regressa de Fran\u00e7a onde prestou servi\u00e7o militar e instala uma pequena oficina no lugar de Lamarosa, concelho de Torres Novas que se dedica \u00e0 constru\u00e7\u00e3o e assist\u00eancia de utens\u00edlios agr\u00edcolas. Com o decorrer dos anos vai come\u00e7ando a contar com a ajuda dos filhos: Jos\u00e9, Jo\u00e3o e Manuel.[\/vc_column_text][\/dt_timeline_item][dt_timeline_item position=\u00bbright\u00bb][vc_single_image image=\u00bb5&#8243; img_size=\u00bb555&#215;555&#8243;][vc_column_text]<\/p>\n<h1><span class=\"primary_color_text\">1961<\/span><\/h1>\n<h4>Empresa com uma nova denomina\u00e7\u00e3o<\/h4>\n<p>J\u00e1 com uma dimens\u00e3o maior, decide constituir uma empresa com uma nova denomina\u00e7\u00e3o, Jos\u00e9 Jorge Esperan\u00e7a &amp; Filhos. Nesta fase e com o advento dos tratores agr\u00edcolas em Portugal, inicia-se a fabrica\u00e7\u00e3o das primeiras alfaias agr\u00edcolas.[\/vc_column_text][\/dt_timeline_item][dt_timeline_item][vc_column_text]<\/p>\n<h1><span class=\"primary_color_text\">1979<\/span><\/h1>\n<h4>Retirada do fundador<\/h4>\n<p>Com a retirada do fundador, a empresa passa a ter a denomina\u00e7\u00e3o que conhecemos atualmente alargando a gama de produtos para outros sectores de atividade. \u00c9 neste ano que se inicia a fabrica\u00e7\u00e3o dos primeiros equipamentos para m\u00e1quinas de constru\u00e7\u00e3o civil e obras p\u00fablicas (m\u00e1quinas industriais).[\/vc_column_text][\/dt_timeline_item][dt_timeline_item position=\u00bbright\u00bb][vc_single_image image=\u00bb5&#8243; img_size=\u00bb500&#215;500&#8243;][vc_column_text]<\/p>\n<h1><span class=\"primary_color_text\">2001<\/span><\/h1>\n<h4>Mudan\u00e7a para novas instala\u00e7\u00f5es<\/h4>\n<p>Apesar de ter aumentado ao longo dos anos as instala\u00e7\u00f5es de Lamarosa, estas tornaram-se manifestamente insuficientes, pelo que se decide, j\u00e1 com a participa\u00e7\u00e3o da atual equipa de gest\u00e3o, adquirir um espa\u00e7o de 12000 m2 na zona industrial de Tomar onde se instala partir de Janeiro de 2002.<\/p>\n<p>Desde essa altura e com uma capacidade de produ\u00e7\u00e3o significativamente aumentada e melhorada, entra noutros sectores de atividade come\u00e7ando, a partir de 2005, a exportar com um ritmo cada vez maior para v\u00e1rios pa\u00edses da Uni\u00e3o Europeia e de \u00c1frica.[\/vc_column_text][\/dt_timeline_item][dt_timeline_item][vc_single_image image=\u00bb5&#8243; img_size=\u00bb500&#215;375&#8243;][vc_column_text]<\/p>\n<h1><span class=\"primary_color_text\">2012<\/span><\/h1>\n<h4>Certifica\u00e7\u00e3o ISO<\/h4>\n<p>Certifica\u00e7\u00e3o ISO 9001 (2008).[\/vc_column_text][\/dt_timeline_item][dt_timeline_item position=\u00bbright\u00bb][vc_single_image image=\u00bb5&#8243; img_size=\u00bb500&#215;300&#8243;][vc_column_text]<\/p>\n<h1><span class=\"primary_color_text\">2020<\/span><\/h1>\n<h4>Actualidade<\/h4>\n<p>Actualmente a SPR Esperan\u00e7as, disp\u00f5e de um parque de m\u00e1quinas tecnologicamente evolu\u00eddas que permitem a execu\u00e7\u00e3o de quase todas as tarefas de produ\u00e7\u00e3o para responder \u00e0s necessidades dos clientes.<\/p>\n<p><em>\u00a0<\/em><\/p>\n<p>Servi\u00e7os dispon\u00edveis:<\/p>\n<p><strong>Projecto<\/strong> \u2013 Solidworks, software de desenho param\u00e9trico 3D permanentemente atualizado que permite conceber qualquer tipo de equipamento com tempos de prepara\u00e7\u00e3o extremamente reduzidos.<br \/>\n<strong>Corte t\u00e9rmico<\/strong> \u2013 2 Sistemas de corte Plasma de alta defini\u00e7\u00e3o (6000 x 3000 at\u00e9 20mm de espessura) e Pant\u00f3grafo de oxicorte (12000 x 2500 + 6000 x 2500 mm at\u00e9 300mm de espessura ).<br \/>\n<strong>Maquina\u00e7\u00e3o<\/strong> \u2013 Tornos CNC e Convencionais e frezadoras<br \/>\n<strong>Conforma\u00e7\u00e3o<\/strong> \u2013 Calandra e duas quinadeiras (uma com comando num\u00e9rico)<br \/>\n<strong>Fura\u00e7\u00e3o<\/strong> \u2013 Radial, de coluna e de base electromagn\u00e9tica.<br \/>\n<strong>Soldadura<\/strong> \u2013 M\u00e1quinas de mig-mag de 300 a 500 A.<\/p>\n<p><strong>Acabamento<\/strong> \u2013 Cabine de Decapagem e Pintura<\/p>\n<p><em>\u00a0<\/em>[\/vc_column_text][\/dt_timeline_item][\/dt_timeline][\/vc_column][\/vc_row][vc_row background_style=\u00bbcover\u00bb css=\u00bb.vc_custom_1427773696059{margin-top: 40px !important;}\u00bb][vc_column]<div id=\"section-3\" class=\"dt-section-head left size-default\" dir=\"ltr\">\n                <div><h2 style=\"color:#444444\" class=\"section-main-title\">ESTRUTURA SOCI\u00c9TARIA:<\/h2><\/div>\n        <\/div>[vc_column_text css=\u00bb.vc_custom_1621941790671{margin-top: 20px !important;}\u00bb]Manuel Esperan\u00e7a, Jos\u00e9 Jorge Esperan\u00e7a, Margarida Esperan\u00e7a e Ant\u00f3nio Esperan\u00e7a[\/vc_column_text][\/vc_column][\/vc_row][vc_row background_style=\u00bbcover\u00bb css=\u00bb.vc_custom_1427773696059{margin-top: 40px !important;}\u00bb][vc_column]<div id=\"section-4\" class=\"dt-section-head left size-default\" dir=\"ltr\">\n                <div><h2 style=\"color:#444444\" class=\"section-main-title\">Administra\u00e7\u00e3o<\/h2><\/div>\n        <\/div>[vc_column_text css=\u00bb.vc_custom_1570716641697{margin-top: 20px !important;}\u00bb]A terceira gera\u00e7\u00e3o continua o que foi come\u00e7ado em 1918, e desde 1978 que existimos com a mesma designa\u00e7\u00e3o legal.[\/vc_column_text][\/vc_column][\/vc_row][vc_row background_style=\u00bbcover\u00bb css=\u00bb.vc_custom_1427275646752{margin-bottom: 100px !important;}\u00bb][vc_column width=\u00bb1\/3&#8243; css=\u00bb.vc_custom_1429176847252{margin-bottom: 40px !important;}\u00bb][vc_single_image image=\u00bb13526&#8243; img_size=\u00bbfull\u00bb alignment=\u00bbcenter\u00bb][vc_column_text css=\u00bb.vc_custom_1549235666920{margin-bottom: 15px !important;}\u00bb]<\/p>\n<h3 style=\"text-align: center;\">Ant\u00f3nio Jorge Esperan\u00e7a<\/h3>\n<p style=\"text-align: center; margin-top: -15px;\"><span class=\"primary_color_text\" style=\"font-size: 1.2em;\">Administrador<\/span><\/p>\n<p>[\/vc_column_text][\/vc_column][vc_column width=\u00bb1\/3&#8243; css=\u00bb.vc_custom_1429176861055{margin-bottom: 40px !important;}\u00bb][vc_single_image image=\u00bb13526&#8243; img_size=\u00bbfull\u00bb alignment=\u00bbcenter\u00bb][vc_column_text css=\u00bb.vc_custom_1549235768593{margin-bottom: 15px !important;}\u00bb]<\/p>\n<h3 style=\"text-align: center;\">Jos\u00e9 Carlos Bucha<\/h3>\n<p style=\"text-align: center; margin-top: -15px;\"><span class=\"primary_color_text\" style=\"font-size: 1.2em;\">Administrador<\/span><\/p>\n<p>[\/vc_column_text][\/vc_column][vc_column width=\u00bb1\/3&#8243;][vc_single_image image=\u00bb13526&#8243; img_size=\u00bbfull\u00bb alignment=\u00bbcenter\u00bb][vc_column_text css=\u00bb.vc_custom_1549235778756{margin-bottom: 15px !important;}\u00bb]<\/p>\n<h3 style=\"text-align: center;\">Jos\u00e9 Jorge Esperan\u00e7a<\/h3>\n<p style=\"text-align: center; margin-top: -15px;\"><span class=\"primary_color_text\" style=\"font-size: 1.2em;\">Administrador<\/span><\/p>\n<p>[\/vc_column_text][\/vc_column][\/vc_row]<\/p>\n","protected":false},"excerpt":{"rendered":"<p>[vc_row background_style=\u00bbcover\u00bb css=\u00bb.vc_custom_1427954677088{margin-top: 20px !important;margin-bottom: 30px !important;}\u00bb][vc_column][vc_row_inner css=\u00bb.vc_custom_1427954499637{margin-top: 20px !important;margin-bottom: 60px !important;}\u00bb][vc_column_inner width=\u00bb1\/2&#8243; css=\u00bb.vc_custom_1429175952910{margin-bottom: 30px !important;padding-left: 0px !important;}\u00bb][vc_single_image image=\u00bb13783&#8243; img_size=\u00bb400&#215;270&#8243; css=\u00bb.vc_custom_1579531408480{margin-bottom: 30px !important;}\u00bb][\/vc_column_inner][vc_column_inner width=\u00bb1\/2&#8243;][vc_column_text]Somos uma empresa portuguesa com um papel reconhecidamente relevante no sector do fabrico e repara\u00e7\u00e3o de equipamentos met\u00e1licos, onde opera desde a segunda d\u00e9cada do s\u00e9culo passado. Assente numa enorme capacidade tecnol\u00f3gica&hellip;<\/p>\n","protected":false},"author":1,"featured_media":0,"parent":0,"menu_order":0,"comment_status":"closed","ping_status":"open","template":"fullwidth.php","meta":{"footnotes":""},"class_list":["post-12726","page","type-page","status-publish","hentry"],"_links":{"self":[{"href":"https:\/\/esperancas.com\/es\/wp-json\/wp\/v2\/pages\/12726","targetHints":{"allow":["GET"]}}],"collection":[{"href":"https:\/\/esperancas.com\/es\/wp-json\/wp\/v2\/pages"}],"about":[{"href":"https:\/\/esperancas.com\/es\/wp-json\/wp\/v2\/types\/page"}],"author":[{"embeddable":true,"href":"https:\/\/esperancas.com\/es\/wp-json\/wp\/v2\/users\/1"}],"replies":[{"embeddable":true,"href":"https:\/\/esperancas.com\/es\/wp-json\/wp\/v2\/comments?post=12726"}],"version-history":[{"count":42,"href":"https:\/\/esperancas.com\/es\/wp-json\/wp\/v2\/pages\/12726\/revisions"}],"predecessor-version":[{"id":14034,"href":"https:\/\/esperancas.com\/es\/wp-json\/wp\/v2\/pages\/12726\/revisions\/14034"}],"wp:attachment":[{"href":"https:\/\/esperancas.com\/es\/wp-json\/wp\/v2\/media?parent=12726"}],"curies":[{"name":"wp","href":"https:\/\/api.w.org\/{rel}","templated":true}]}}