{"id":12728,"date":"2017-03-21T13:50:55","date_gmt":"2017-03-21T13:50:55","guid":{"rendered":"https:\/\/esperancas.com\/?page_id=12728"},"modified":"2022-12-22T11:16:36","modified_gmt":"2022-12-22T11:16:36","slug":"contactos","status":"publish","type":"page","link":"https:\/\/esperancas.com\/es\/contactos\/","title":{"rendered":"Contactos"},"content":{"rendered":"<div id=\"fb-root\"><\/div>\n<p>[vc_row background_style=\u00bbcover\u00bb css=\u00bb.vc_custom_1429493726522{margin-top: 30px !important;margin-bottom: 50px !important;}\u00bb el_class=\u00bblist-with-icon-bigtext\u00bb][vc_column css=\u00bb.vc_custom_1429254526068{margin-bottom: 30px !important;}\u00bb][vc_tta_tabs][vc_tta_section title=\u00bbDept. Comercial\u00bb tab_id=\u00bb1547075968670-4793a691-9592&#8243;][vc_row_inner][vc_column_inner width=\u00bb1\/3&#8243;][vc_column_text]<\/p>\n<h4 style=\"text-align: left;\">JJM ESPERAN\u00c7A, LDA<\/h4>\n<ul class=\"list-with-icon list-unstyled\">\n<li><span style=\"font-size: 1.1em;\"><i class=\"dt-icon icon-miu-house129\"><\/i>RUA G, LOTE 1,<br \/>\nPARQUE EMPRESARIAL\u00a0DE TOMAR<br \/>\n2305-400 Madalena &#8211; Tomar<br \/>\nPORTUGAL<\/span><\/li>\n<li><\/li>\n<\/ul>\n<p>[\/vc_column_text][\/vc_column_inner][vc_column_inner width=\u00bb1\/3&#8243;][vc_column_text]<\/p>\n<h4 style=\"text-align: left;\"><\/h4>\n<ul class=\"list-with-icon list-unstyled\">\n<li><span style=\"font-size: 1.1em;\"><i class=\"dt-icon icon-miu-telephone96\"><\/i> *<\/span><span style=\"font-size: 1.1em;\">(+351) 249 380 600<\/span><\/li>\n<li><span style=\"font-size: 1.1em;\"><i class=\"dt-icon icon-miu-printer78\"><\/i> *<\/span><span style=\"font-size: 1.1em;\">(+351)\u00a0249 380 609<\/span><\/li>\n<li><span style=\"font-size: 1.1em;\"> <span style=\"font-size: small;\"> *(Chamada para a rede fixa nacional)<\/span><\/span><\/li>\n<\/ul>\n<p>[\/vc_column_text][\/vc_column_inner][vc_column_inner width=\u00bb1\/3&#8243;][vc_column_text]<\/p>\n<h4 style=\"text-align: left;\"><\/h4>\n<h4 style=\"text-align: left;\"><\/h4>\n<ul class=\"list-with-icon list-unstyled\">\n<li><span style=\"font-size: 1.1em;\"><i class=\"dt-icon icon-miu-email73\"><\/i>geral@esperancas.com<\/span><\/li>\n<\/ul>\n<p>[\/vc_column_text][\/vc_column_inner][\/vc_row_inner][\/vc_tta_section][vc_tta_section title=\u00bbDept. Financeiro\u00bb tab_id=\u00bb1547075968736-af0b2707-ef87&#8243;][vc_row_inner][vc_column_inner width=\u00bb1\/3&#8243;][vc_column_text]<\/p>\n<h4 style=\"text-align: left;\">JJM ESPERAN\u00c7A, LDA<\/h4>\n<ul class=\"list-with-icon list-unstyled\">\n<li><span style=\"font-size: 1.1em;\"><i class=\"dt-icon icon-miu-house129\"><\/i>RUA G, LOTE 1,<br \/>\nPARQUE EMPRESARIAL\u00a0DE TOMAR<br \/>\n2305-400 Madalena &#8211; Tomar<br \/>\nPORTUGAL<\/span><\/li>\n<li><\/li>\n<\/ul>\n<p>[\/vc_column_text][\/vc_column_inner][vc_column_inner width=\u00bb1\/3&#8243;][vc_column_text]<\/p>\n<h4 style=\"text-align: left;\"><\/h4>\n<ul class=\"list-with-icon list-unstyled\">\n<li><span style=\"font-size: 1.1em;\"><i class=\"dt-icon icon-miu-telephone96\"><\/i>\u00a0 *<\/span><span style=\"font-size: 1.1em;\">(+351) 249 380 600<\/span><\/li>\n<li><span style=\"font-size: 1.1em;\"><i class=\"dt-icon icon-miu-printer78\"><\/i>\u00a0 *<\/span><span style=\"font-size: 1.1em;\">(+351) 249 380 609<\/span><\/li>\n<li><span style=\"font-size: 1.1em;\"> <font size=2>*(Chamada para a rede fixa nacional)<\/span><\/li>\n<\/ul>\n<p>[\/vc_column_text][\/vc_column_inner][vc_column_inner width=\u00bb1\/3&#8243;][vc_column_text]<\/p>\n<h4 style=\"text-align: left;\"><\/h4>\n<h4 style=\"text-align: left;\"><\/h4>\n<ul class=\"list-with-icon list-unstyled\">\n<li><span style=\"font-size: 1.1em;\"><i class=\"dt-icon icon-miu-email73\"><\/i>geral@esperancas.com<\/span><\/li>\n<\/ul>\n<p>[\/vc_column_text][\/vc_column_inner][\/vc_row_inner][\/vc_tta_section][vc_tta_section title=\u00bbDept. Recursos Humanos\u00bb tab_id=\u00bb1547076058221-3561e651-6b13&#8243;][vc_row_inner][vc_column_inner width=\u00bb1\/3&#8243;][vc_column_text]<\/p>\n<h4 style=\"text-align: left;\">JJM ESPERAN\u00c7A, LDA<\/h4>\n<ul class=\"list-with-icon list-unstyled\">\n<li><span style=\"font-size: 1.1em;\"><i class=\"dt-icon icon-miu-house129\"><\/i>RUA G, LOTE 1,<br \/>\nPARQUE EMPRESARIAL\u00a0DE TOMAR<br \/>\n2305-400 Madalena &#8211; Tomar<br \/>\nPORTUGAL<\/span><\/li>\n<li><\/li>\n<\/ul>\n<p>[\/vc_column_text][\/vc_column_inner][vc_column_inner width=\u00bb1\/3&#8243;][vc_column_text]<\/p>\n<h4 style=\"text-align: left;\"><\/h4>\n<ul class=\"list-with-icon list-unstyled\">\n<li><span style=\"font-size: 1.1em;\"><i class=\"dt-icon icon-miu-telephone96\"><\/i> *<\/span><span style=\"font-size: 1.1em;\">(+351) 249 380 600<\/span><\/li>\n<li><span style=\"font-size: 1.1em;\"><i class=\"dt-icon icon-miu-printer78\"><\/i> *<\/span><span style=\"font-size: 1.1em;\">(+351) 249 380 609<\/span><\/li>\n<li><span style=\"font-size: 1.1em;\"> <span style=\"font-size: small;\">*(Chamada para a rede fixa nacional)<\/span><\/span><\/li>\n<\/ul>\n<p>[\/vc_column_text][\/vc_column_inner][vc_column_inner width=\u00bb1\/3&#8243;][vc_column_text]<\/p>\n<h4 style=\"text-align: left;\"><\/h4>\n<h4 style=\"text-align: left;\"><\/h4>\n<ul class=\"list-with-icon list-unstyled\">\n<li><span style=\"font-size: 1.1em;\"><i class=\"dt-icon icon-miu-email73\"><\/i>geral@esperancas.com<\/span><\/li>\n<\/ul>\n<p>[\/vc_column_text][\/vc_column_inner][\/vc_row_inner][\/vc_tta_section][vc_tta_section title=\u00bbFornecedores\u00bb tab_id=\u00bb1547076059859-00ebb1fb-278d\u00bb][vc_row_inner][vc_column_inner width=\u00bb1\/3&#8243;][vc_column_text]<\/p>\n<h4 style=\"text-align: left;\">JJM ESPERAN\u00c7A, LDA<\/h4>\n<ul class=\"list-with-icon list-unstyled\">\n<li><span style=\"font-size: 1.1em;\"><i class=\"dt-icon icon-miu-house129\"><\/i>RUA G, LOTE 1,<br \/>\nPARQUE EMPRESARIAL\u00a0DE TOMAR<br \/>\n2305-400 Madalena &#8211; Tomar<br \/>\nPORTUGAL<\/span><\/li>\n<li><\/li>\n<\/ul>\n<p>[\/vc_column_text][\/vc_column_inner][vc_column_inner width=\u00bb1\/3&#8243;][vc_column_text]<\/p>\n<h4 style=\"text-align: left;\"><\/h4>\n<ul class=\"list-with-icon list-unstyled\">\n<li><span style=\"font-size: 1.1em;\"><i class=\"dt-icon icon-miu-telephone96\"><\/i> *<\/span><span style=\"font-size: 1.1em;\">(+351) 249 380 600<\/span><\/li>\n<li><span style=\"font-size: 1.1em;\"><i class=\"dt-icon icon-miu-printer78\"><\/i> *<\/span><span style=\"font-size: 1.1em;\">(+351) 249 380 609<\/span><\/li>\n<li><span style=\"font-size: 1.1em;\"> <font size=2>*(Chamada para a rede fixa nacional)<\/span><\/li>\n<\/ul>\n<p>[\/vc_column_text][\/vc_column_inner][vc_column_inner width=\u00bb1\/3&#8243;][vc_column_text]<\/p>\n<h4 style=\"text-align: left;\"><\/h4>\n<h4 style=\"text-align: left;\"><\/h4>\n<ul class=\"list-with-icon list-unstyled\">\n<li><span style=\"font-size: 1.1em;\"><i class=\"dt-icon icon-miu-email73\"><\/i>geral@esperancas.com<\/span><\/li>\n<\/ul>\n<p>[\/vc_column_text][\/vc_column_inner][\/vc_row_inner][\/vc_tta_section][vc_tta_section title=\u00bbCandidaturas\u00bb tab_id=\u00bb1547076093030-3df4279b-63f7&#8243;][\/vc_tta_section][\/vc_tta_tabs][\/vc_column][\/vc_row][vc_row expanded=\u00bb1&#8243; background_style=\u00bbcover\u00bb css=\u00bb.vc_custom_1491574008877{margin-bottom: -50px !important;padding-top: 60px !important;padding-right: 60px !important;padding-bottom: 60px !important;padding-left: 60px !important;background-color: #444444 !important;}\u00bb el_class=\u00bbrow_contact\u00bb][vc_column width=\u00bb1\/3&#8243; css=\u00bb.vc_custom_1429254645725{margin-bottom: 30px !important;}\u00bb][vc_column_text css=\u00bb.vc_custom_1490893777560{padding-top: 20px !important;}\u00bb]<\/p>\n<h3><span style=\"color: #ffffff;\">\u00a0\u00a0CONTACTE-NOS<\/span><\/h3>\n<p>[\/vc_column_text][vc_single_image image=\u00bb11852&#8243; img_size=\u00bb128&#215;92&#8243; css=\u00bb.vc_custom_1427785969934{margin-top: -100px !important;}\u00bb][vc_column_text]<span style=\"font-size: 0.9em; color: #ffffff;\">Se tem alguma d\u00favida, problema ou sugest\u00e3o, n\u00e3o hesite, use este formul\u00e1rio para entrar em contacto connosco. Prometemos brevidade a responder.<\/span>[\/vc_column_text][\/vc_column][vc_column width=\u00bb2\/3&#8243;]\n<div class=\"wpcf7 no-js\" id=\"wpcf7-f4-o1\" lang=\"pt-PT\" dir=\"ltr\" data-wpcf7-id=\"4\">\n<div class=\"screen-reader-response\"><p role=\"status\" aria-live=\"polite\" aria-atomic=\"true\"><\/p> <ul><\/ul><\/div>\n<form action=\"\/es\/wp-json\/wp\/v2\/pages\/12728#wpcf7-f4-o1\" method=\"post\" class=\"wpcf7-form init\" aria-label=\"Formul\u00e1rio de contacto\" novalidate=\"novalidate\" data-status=\"init\">\n<div style=\"display: none;\">\n<input type=\"hidden\" name=\"_wpcf7\" value=\"4\" \/>\n<input type=\"hidden\" name=\"_wpcf7_version\" value=\"6.0.4\" \/>\n<input type=\"hidden\" name=\"_wpcf7_locale\" value=\"pt_PT\" \/>\n<input type=\"hidden\" name=\"_wpcf7_unit_tag\" value=\"wpcf7-f4-o1\" \/>\n<input type=\"hidden\" name=\"_wpcf7_container_post\" value=\"0\" \/>\n<input type=\"hidden\" name=\"_wpcf7_posted_data_hash\" value=\"\" \/>\n<\/div>\n<div class=\"col-sm-12\">\n\t<p><span class=\"wpcf7-form-control-wrap\" data-name=\"your-name\"><input size=\"40\" maxlength=\"400\" class=\"wpcf7-form-control wpcf7-text wpcf7-validates-as-required\" aria-required=\"true\" aria-invalid=\"false\" placeholder=\"O seu nome (obrigat\u00f3rio)\" value=\"\" type=\"text\" name=\"your-name\" \/><\/span>\n\t<\/p>\n<\/div>\n<div class=\"col-sm-12\">\n\t<p><span class=\"wpcf7-form-control-wrap\" data-name=\"your-email\"><input size=\"40\" maxlength=\"400\" class=\"wpcf7-form-control wpcf7-email wpcf7-validates-as-required wpcf7-text wpcf7-validates-as-email\" aria-required=\"true\" aria-invalid=\"false\" placeholder=\"O seu email (obrigat\u00f3rio)\" value=\"\" type=\"email\" name=\"your-email\" \/><\/span>\n\t<\/p>\n<\/div>\n<div class=\"col-sm-12\">\n\t<p><span class=\"wpcf7-form-control-wrap\" data-name=\"your-subject\"><input size=\"40\" maxlength=\"400\" class=\"wpcf7-form-control wpcf7-text\" aria-invalid=\"false\" placeholder=\"Assunto (opcional)\" value=\"\" type=\"text\" name=\"your-subject\" \/><\/span>\n\t<\/p>\n<\/div>\n<div class=\"col-sm-12\">\n\t<p><span class=\"wpcf7-form-control-wrap\" data-name=\"your-message\"><textarea cols=\"40\" rows=\"5\" maxlength=\"2000\" class=\"wpcf7-form-control wpcf7-textarea\" aria-invalid=\"false\" placeholder=\"A sua mensagem (opcional)\" name=\"your-message\"><\/textarea><\/span>\n\t<\/p>\n<\/div>\n<div class=\"col-sm-6\" style=\"color: #ffffff;\">\n\t<p>* Nota: O seu endere\u00e7o de Email ser\u00e1 guardado em seguran\u00e7a e a salvo de terceiros\n\t<\/p>\n<\/div>\n<div class=\"col-sm-6 text-right\">\n\t<p><input class=\"wpcf7-form-control wpcf7-submit has-spinner btn btn-lg btn-color-primary skin-light\" type=\"submit\" value=\"Enviar\" \/>\n\t<\/p>\n<\/div><input type='hidden' class='wpcf7-pum' value='{\"closepopup\":false,\"closedelay\":0,\"openpopup\":false,\"openpopup_id\":0}' \/><div class=\"wpcf7-response-output\" aria-hidden=\"true\"><\/div>\n<\/form>\n<\/div>\n[\/vc_column][\/vc_row][vc_row background_style=\u00bbcover\u00bb css=\u00bb.vc_custom_1491574546620{margin-top: 60px !important;margin-bottom: 0px !important;margin-left: 0px !important;padding-bottom: 0px !important;}\u00bb][vc_column width=\u00bb1\/2&#8243; css=\u00bb.vc_custom_1427350722319{padding-right: 0px !important;padding-left: 0px !important;}\u00bb][vc_column_text]<\/p>\n<h4 style=\"text-align: left;\">Resolu\u00e7\u00e3o Alternativa de Conflitos (RAL)<\/h4>\n<p>De acordo com o artigo 18.\u00ba da Lei 144\/2015 de 8 de Setembro informamos que em caso de lit\u00edgio o consumidor pode recorrer \u00e0 seguinte entidade de resolu\u00e7\u00e3o alternativa de lit\u00edgios de consumo:[\/vc_column_text][vc_single_image image=\u00bb12957&#8243; img_size=\u00bb300&#215;83&#8243;][\/vc_column][vc_column width=\u00bb1\/2&#8243;][vc_column_text]<\/p>\n<p style=\"text-align: left;\"><strong>CNIACC<\/strong><br \/>\nCentro Nacional de Informa\u00e7\u00e3o e Arbitragem de Conflitos de Consumo<br \/>\nFaculdade de Direito da Universidade Nova de Lisboa<br \/>\nCampus de Campolide<br \/>\n1099-032 Lisboa<br \/>\n(Chamada para a rede fixa nacional) Tel.: 213 847 484<br \/>\nE-mail: <a href=\"mailto:cniacc@unl.pt\">cniacc@unl.pt<\/a><br \/>\nWeb: <a href=\"http:\/\/www.arbitragemdeconsumo.org\/\">http:\/\/www.arbitragemdeconsumo.org<\/a><br \/>\nMais informa\u00e7\u00f5es em Portal do Consumidor <a href=\"http:\/\/www.consumidor.pt\/\">www.consumidor.pt<\/a>.<\/p>\n<p>SPR Esperan\u00e7as[\/vc_column_text][\/vc_column][\/vc_row][vc_row background_style=\u00bbcover\u00bb css=\u00bb.vc_custom_1491574546620{margin-top: 60px !important;margin-bottom: 0px !important;margin-left: 0px !important;padding-bottom: 0px !important;}\u00bb][vc_column width=\u00bb1\/2&#8243; css=\u00bb.vc_custom_1427350722319{padding-right: 0px !important;padding-left: 0px !important;}\u00bb][vc_column_text]<\/p>\n<h4 style=\"text-align: left;\">Livro de Reclama\u00e7\u00f5es Electr\u00f3nico<\/h4>\n<p>[\/vc_column_text][vc_single_image image=\u00bb13563&#8243; img_size=\u00bb250&#215;82&#8243; onclick=\u00bbcustom_link\u00bb link=\u00bbhttps:\/\/www.livroreclamacoes.pt\/inicio\u00bb][\/vc_column][vc_column width=\u00bb1\/2&#8243;][vc_column_text]Na sequ\u00eancia das altera\u00e7\u00f5es operadas pelo Decreto-Lei 74\/2017, de 21 de Junho, ao Decreto-Lei 156\/2005, de 15 de Setembro, que consagra o regime jur\u00eddico do livro de reclama\u00e7\u00f5es, o livro de reclama\u00e7\u00f5es electr\u00f3nico, dispon\u00edvel desde 1 de Julho de 2017 apenas para os servi\u00e7os p\u00fablicos essenciais, \u00e9 alargado a todas as demais actividades econ\u00f3micas a partir de 1 de Julho de 2018, designadamente ao sector do com\u00e9rcio de materiais de constru\u00e7\u00e3o, que dispor\u00e3o de 1 ano para se adaptar \u00e0 Plataforma Livro de Reclama\u00e7\u00f5es Electr\u00f3nico (LRE), onde o mesmo ficar\u00e1 localizado e acess\u00edvel ao consumidor \u2013 <a href=\"https:\/\/www.livroreclamacoes.pt\/inicio\">www.livroreclamacoes.pt<\/a>.<\/p>\n<p>SPR Esperan\u00e7as[\/vc_column_text][\/vc_column][\/vc_row][vc_row expanded=\u00bb1&#8243; background_style=\u00bbcover\u00bb css=\u00bb.vc_custom_1427445428035{margin-bottom: 0px !important;margin-left: 0px !important;padding-bottom: 0px !important;}\u00bb el_class=\u00bbrow_map\u00bb][vc_column css=\u00bb.vc_custom_1427350722319{padding-right: 0px !important;padding-left: 0px !important;}\u00bb][vc_column_text]<iframe loading=\"lazy\" style=\"border: 0;\" src=\"https:\/\/www.google.com\/maps\/embed?pb=!1m18!1m12!1m3!1d3076.1037062753894!2d-8.406643685133647!3d39.55726911538323!2m3!1f0!2f0!3f0!3m2!1i1024!2i768!4f13.1!3m3!1m2!1s0xd187ca5a4c3eeef%3A0xbffe6ec07aa224a9!2sSPR+Esperan%C3%A7as!5e0!3m2!1spt-PT!2spt!4v1547762934342\" width=\"100%\" height=\"450\" frameborder=\"0\" allowfullscreen=\"allowfullscreen\"><\/iframe>[\/vc_column_text][\/vc_column][\/vc_row]<\/p>\n","protected":false},"excerpt":{"rendered":"<p>[vc_row background_style=\u00bbcover\u00bb css=\u00bb.vc_custom_1429493726522{margin-top: 30px !important;margin-bottom: 50px !important;}\u00bb el_class=\u00bblist-with-icon-bigtext\u00bb][vc_column css=\u00bb.vc_custom_1429254526068{margin-bottom: 30px !important;}\u00bb][vc_tta_tabs][vc_tta_section title=\u00bbDept. Comercial\u00bb tab_id=\u00bb1547075968670-4793a691-9592&#8243;][vc_row_inner][vc_column_inner width=\u00bb1\/3&#8243;][vc_column_text] JJM ESPERAN\u00c7A, LDA RUA G, LOTE 1, PARQUE EMPRESARIAL\u00a0DE TOMAR 2305-400 Madalena &#8211; Tomar PORTUGAL [\/vc_column_text][\/vc_column_inner][vc_column_inner width=\u00bb1\/3&#8243;][vc_column_text] *(+351) 249 380 600 *(+351)\u00a0249 380 609 *(Chamada para a rede fixa nacional) [\/vc_column_text][\/vc_column_inner][vc_column_inner width=\u00bb1\/3&#8243;][vc_column_text] geral@esperancas.com [\/vc_column_text][\/vc_column_inner][\/vc_row_inner][\/vc_tta_section][vc_tta_section title=\u00bbDept. Financeiro\u00bb tab_id=\u00bb1547075968736-af0b2707-ef87&#8243;][vc_row_inner][vc_column_inner width=\u00bb1\/3&#8243;][vc_column_text] JJM ESPERAN\u00c7A,&hellip;<\/p>\n","protected":false},"author":1,"featured_media":0,"parent":0,"menu_order":0,"comment_status":"closed","ping_status":"open","template":"fullwidth.php","meta":{"footnotes":""},"class_list":["post-12728","page","type-page","status-publish","hentry"],"_links":{"self":[{"href":"https:\/\/esperancas.com\/es\/wp-json\/wp\/v2\/pages\/12728","targetHints":{"allow":["GET"]}}],"collection":[{"href":"https:\/\/esperancas.com\/es\/wp-json\/wp\/v2\/pages"}],"about":[{"href":"https:\/\/esperancas.com\/es\/wp-json\/wp\/v2\/types\/page"}],"author":[{"embeddable":true,"href":"https:\/\/esperancas.com\/es\/wp-json\/wp\/v2\/users\/1"}],"replies":[{"embeddable":true,"href":"https:\/\/esperancas.com\/es\/wp-json\/wp\/v2\/comments?post=12728"}],"version-history":[{"count":57,"href":"https:\/\/esperancas.com\/es\/wp-json\/wp\/v2\/pages\/12728\/revisions"}],"predecessor-version":[{"id":14051,"href":"https:\/\/esperancas.com\/es\/wp-json\/wp\/v2\/pages\/12728\/revisions\/14051"}],"wp:attachment":[{"href":"https:\/\/esperancas.com\/es\/wp-json\/wp\/v2\/media?parent=12728"}],"curies":[{"name":"wp","href":"https:\/\/api.w.org\/{rel}","templated":true}]}}