{"id":13084,"date":"2017-05-05T11:08:22","date_gmt":"2017-05-05T11:08:22","guid":{"rendered":"https:\/\/esperancas.com\/?page_id=13084"},"modified":"2020-01-25T01:24:24","modified_gmt":"2020-01-25T01:24:24","slug":"construcao-e-obras-publicas","status":"publish","type":"page","link":"https:\/\/esperancas.com\/es\/construcao-e-obras-publicas\/","title":{"rendered":"Construcci\u00f3n y Op"},"content":{"rendered":"<div id=\"fb-root\"><\/div>\n<p>[vc_row background_style=\u00bbcover\u00bb css=\u00bb.vc_custom_1427792769516{margin-top: 30px !important;}\u00bb][vc_column][vc_column_text]<\/p>\n<h1>Constru\u00e7\u00e3o e obras p\u00fablicas<\/h1>\n<p>Para a \u00e1rea de Constru\u00e7\u00e3o produzimos material acess\u00f3rio para Escavadoras, P\u00e1s Carregadoras, Retro Escavadoras, Skid Loaders, Multicarregadoras, Bulldozers e Motoniveladoras.[\/vc_column_text][\/vc_column][\/vc_row][vc_row background_style=\u00bbcover\u00bb css=\u00bb.vc_custom_1428460385159{margin-top: -1px !important;}\u00bb][vc_column][vc_separator color=\u00bbcustom\u00bb accent_color=\u00bbrgba(0,0,0,0.1)\u00bb][\/vc_column][\/vc_row][vc_row background_style=\u00bbcover\u00bb css=\u00bb.vc_custom_1428460385159{margin-top: -1px !important;}\u00bb][vc_column][vc_tta_tour active_section=\u00bb1&#8243;][vc_tta_section title=\u00bbMINI ESCAVADORAS\u00bb tab_id=\u00bb1493215768927-0bbfd871-a7d6&#8243;][vc_row_inner][vc_column_inner width=\u00bb1\/4&#8243;][vc_single_image image=\u00bb13305&#8243; img_size=\u00bb200&#215;141&#8243; onclick=\u00bbcustom_link\u00bb link=\u00bbhttps:\/\/esperancas.com\/spr-cop-minesc-engate-rapido-universal\/\u00bb][vc_empty_space height=\u00bb8px\u00bb][vc_column_text]<\/p>\n<h6 style=\"text-align: center;\"><b>ENGATE R\u00c1PIDO UNIVERSAL<br \/>\n<\/b><\/h6>\n<p>[\/vc_column_text][\/vc_column_inner][vc_column_inner width=\u00bb1\/4&#8243;][vc_single_image image=\u00bb13307&#8243; img_size=\u00bb200&#215;141&#8243;][vc_empty_space height=\u00bb8px\u00bb][vc_column_text]<\/p>\n<h6 style=\"text-align: center;\">BALDE DE APLICA\u00c7\u00d5ES GERAIS<\/h6>\n<p>[\/vc_column_text][\/vc_column_inner][vc_column_inner width=\u00bb1\/4&#8243;][vc_single_image image=\u00bb13308&#8243; img_size=\u00bb200&#215;141&#8243;][vc_empty_space height=\u00bb8px\u00bb][vc_column_text]<\/p>\n<h6 style=\"text-align: center;\">BALDE REFOR\u00c7ADO<\/h6>\n<p>[\/vc_column_text][\/vc_column_inner][vc_column_inner width=\u00bb1\/4&#8243;][vc_single_image image=\u00bb13309&#8243; img_size=\u00bb200&#215;141&#8243;][vc_empty_space height=\u00bb8px\u00bb][vc_column_text]<\/p>\n<h6 style=\"text-align: center;\">BALDE DE LIMPEZA<\/h6>\n<p>[\/vc_column_text][\/vc_column_inner][\/vc_row_inner][vc_row_inner][vc_column_inner width=\u00bb1\/4&#8243;][vc_single_image image=\u00bb13310&#8243; img_size=\u00bb200&#215;141&#8243;][vc_empty_space height=\u00bb8px\u00bb][vc_column_text]<\/p>\n<h6 style=\"text-align: center;\"><b>BALDE RAIADO<br \/>\n<\/b><\/h6>\n<p>[\/vc_column_text][\/vc_column_inner][vc_column_inner width=\u00bb1\/4&#8243;][vc_single_image image=\u00bb13311&#8243; img_size=\u00bb200&#215;141&#8243;][vc_empty_space height=\u00bb8px\u00bb][vc_column_text]<\/p>\n<h6 style=\"text-align: center;\">BALDE TRAPEZOIDAL<\/h6>\n<p>[\/vc_column_text][\/vc_column_inner][vc_column_inner width=\u00bb1\/4&#8243;][vc_single_image image=\u00bb13312&#8243; img_size=\u00bb200&#215;141&#8243;][vc_empty_space height=\u00bb8px\u00bb][vc_column_text]<\/p>\n<h6 style=\"text-align: center;\">BASES ADAPTADORAS<\/h6>\n<p>[\/vc_column_text][\/vc_column_inner][vc_column_inner width=\u00bb1\/4&#8243;][vc_single_image image=\u00bb13313&#8243; img_size=\u00bb200&#215;141&#8243;][vc_empty_space height=\u00bb8px\u00bb][vc_column_text]<\/p>\n<h6 style=\"text-align: center;\">RIPPER<\/h6>\n<p>[\/vc_column_text][\/vc_column_inner][\/vc_row_inner][\/vc_tta_section][vc_tta_section title=\u00bbMIDI ESCAVADORAS\u00bb tab_id=\u00bb1493982682173-b9808fa6-c351&#8243;][vc_row_inner][vc_column_inner width=\u00bb1\/4&#8243;][vc_single_image image=\u00bb13316&#8243; img_size=\u00bb200&#215;141&#8243;][vc_empty_space height=\u00bb8px\u00bb][vc_column_text]<\/p>\n<h6 style=\"text-align: center;\"><b>ENGATE R\u00c1PIDO UNIVERSAL<br \/>\n<\/b><\/h6>\n<p>[\/vc_column_text][\/vc_column_inner][vc_column_inner width=\u00bb1\/4&#8243;][vc_single_image image=\u00bb13317&#8243; img_size=\u00bb200&#215;141&#8243;][vc_empty_space height=\u00bb8px\u00bb][vc_column_text]<\/p>\n<h6 style=\"text-align: center;\">BALDE DE APLICA\u00c7\u00d5ES GERAIS<\/h6>\n<p>[\/vc_column_text][\/vc_column_inner][vc_column_inner width=\u00bb1\/4&#8243;][vc_single_image image=\u00bb13318&#8243; img_size=\u00bb200&#215;141&#8243;][vc_empty_space height=\u00bb8px\u00bb][vc_column_text]<\/p>\n<h6 style=\"text-align: center;\">BALDE REFOR\u00c7ADO<\/h6>\n<p>[\/vc_column_text][\/vc_column_inner][vc_column_inner width=\u00bb1\/4&#8243;][vc_single_image image=\u00bb13319&#8243; img_size=\u00bb200&#215;141&#8243;][vc_empty_space height=\u00bb8px\u00bb][vc_column_text]<\/p>\n<h6 style=\"text-align: center;\">BALDE DE LIMPEZA E OSCILANTE<\/h6>\n<p>[\/vc_column_text][\/vc_column_inner][\/vc_row_inner][vc_row_inner][vc_column_inner width=\u00bb1\/4&#8243;][vc_single_image image=\u00bb13320&#8243; img_size=\u00bb200&#215;141&#8243;][vc_empty_space height=\u00bb8px\u00bb][vc_column_text]<\/p>\n<h6 style=\"text-align: center;\"><b>BALDE RAIADO<br \/>\n<\/b><\/h6>\n<p>[\/vc_column_text][\/vc_column_inner][vc_column_inner width=\u00bb1\/4&#8243;][vc_single_image image=\u00bb13321&#8243; img_size=\u00bb200&#215;141&#8243;][vc_empty_space height=\u00bb8px\u00bb][vc_column_text]<\/p>\n<h6 style=\"text-align: center;\">BALDE TRAPEZOIDAL<\/h6>\n<p>[\/vc_column_text][\/vc_column_inner][vc_column_inner width=\u00bb1\/4&#8243;][vc_single_image image=\u00bb13322&#8243; img_size=\u00bb200&#215;141&#8243;][vc_empty_space height=\u00bb8px\u00bb][vc_column_text]<\/p>\n<h6 style=\"text-align: center;\">BASES ADAPTADORAS<\/h6>\n<p>[\/vc_column_text][\/vc_column_inner][vc_column_inner width=\u00bb1\/4&#8243;][vc_single_image image=\u00bb13323&#8243; img_size=\u00bb200&#215;141&#8243;][vc_empty_space height=\u00bb8px\u00bb][vc_column_text]<\/p>\n<h6 style=\"text-align: center;\">RIPPER<\/h6>\n<p>[\/vc_column_text][\/vc_column_inner][\/vc_row_inner][vc_row_inner][vc_column_inner width=\u00bb1\/4&#8243;][vc_single_image image=\u00bb13324&#8243; img_size=\u00bb200&#215;141&#8243;][vc_empty_space height=\u00bb8px\u00bb][vc_column_text]<\/p>\n<h6 style=\"text-align: center;\"><b>ARRANCADOR RACHADOR CEPOS<\/b><\/h6>\n<p>[\/vc_column_text][\/vc_column_inner][vc_column_inner width=\u00bb1\/4&#8243;][\/vc_column_inner][vc_column_inner width=\u00bb1\/4&#8243;][\/vc_column_inner][vc_column_inner width=\u00bb1\/4&#8243;][\/vc_column_inner][\/vc_row_inner][\/vc_tta_section][vc_tta_section title=\u00bbESCAVADORAS\u00bb tab_id=\u00bb1493982940597-49115a47-82c7&#8243;][vc_row_inner][vc_column_inner width=\u00bb1\/4&#8243;][vc_single_image image=\u00bb13464&#8243; img_size=\u00bb200&#215;141&#8243; onclick=\u00bbcustom_link\u00bb link=\u00bbhttps:\/\/esperancas.com\/wp-content\/uploads\/2018\/10\/engate-rapido-frontal.png\u00bb][vc_empty_space height=\u00bb8px\u00bb][vc_column_text]<\/p>\n<h6 style=\"text-align: center;\"><b>ENGATE R\u00c1PIDO FRONTAL<br \/>\n<\/b><\/h6>\n<p>[\/vc_column_text][\/vc_column_inner][vc_column_inner width=\u00bb1\/4&#8243;][vc_single_image][vc_empty_space height=\u00bb8px\u00bb][vc_column_text]<\/p>\n<h6 style=\"text-align: center;\">ENGATE R\u00c1PIDO CUNHAS VERTICAIS<\/h6>\n<p>[\/vc_column_text][\/vc_column_inner][vc_column_inner width=\u00bb1\/4&#8243;][vc_single_image image=\u00bb13443&#8243; img_size=\u00bb200&#215;141&#8243; onclick=\u00bbcustom_link\u00bb link=\u00bbhttps:\/\/esperancas.com\/wp-content\/uploads\/2018\/10\/balde-frontal-standard.png\u00bb][vc_empty_space height=\u00bb8px\u00bb][vc_column_text]<\/p>\n<h6 style=\"text-align: center;\">BALDES STD<\/h6>\n<p>[\/vc_column_text][\/vc_column_inner][vc_column_inner width=\u00bb1\/4&#8243;][vc_single_image image=\u00bb13452&#8243; img_size=\u00bb200&#215;141&#8243; onclick=\u00bbcustom_link\u00bb link=\u00bbhttps:\/\/esperancas.com\/wp-content\/uploads\/2018\/10\/balde-frontal-multi-funcoes.png\u00bb][vc_empty_space height=\u00bb8px\u00bb][vc_column_text]<\/p>\n<h6 style=\"text-align: center;\">BALDES MULTIFUN\u00c7\u00d5ES<\/h6>\n<p>[\/vc_column_text][\/vc_column_inner][\/vc_row_inner][vc_row_inner][vc_column_inner width=\u00bb1\/4&#8243;][vc_single_image image=\u00bb13470&#8243; img_size=\u00bb200&#215;141&#8243; onclick=\u00bbcustom_link\u00bb link=\u00bbhttps:\/\/esperancas.com\/wp-content\/uploads\/2018\/10\/balde-materiais-leves-1.png\u00bb][vc_empty_space height=\u00bb8px\u00bb][vc_column_text]<\/p>\n<h6 style=\"text-align: center;\"><b>BALDES MATERIAIS LEVES<br \/>\n<\/b><\/h6>\n<p>[\/vc_column_text][\/vc_column_inner][vc_column_inner width=\u00bb1\/4&#8243;][vc_single_image][vc_empty_space height=\u00bb8px\u00bb][vc_column_text]<\/p>\n<h6 style=\"text-align: center;\">BALDES ROCHA<\/h6>\n<p>[\/vc_column_text][\/vc_column_inner][vc_column_inner width=\u00bb1\/4&#8243;][vc_single_image image=\u00bb13473&#8243; img_size=\u00bb200&#215;141&#8243; onclick=\u00bbcustom_link\u00bb link=\u00bbhttps:\/\/esperancas.com\/wp-content\/uploads\/2018\/10\/balde-descarga-elevada-1.png\u00bb][vc_empty_space height=\u00bb8px\u00bb][vc_column_text]<\/p>\n<h6 style=\"text-align: center;\">BALDES DESCARGA ELEVADA<\/h6>\n<p>[\/vc_column_text][\/vc_column_inner][vc_column_inner width=\u00bb1\/4&#8243;][vc_single_image][vc_empty_space height=\u00bb8px\u00bb][vc_column_text]<\/p>\n<h6 style=\"text-align: center;\">BALDES COM PIN\u00c7AS<\/h6>\n<p>[\/vc_column_text][\/vc_column_inner][\/vc_row_inner][vc_row_inner][vc_column_inner width=\u00bb1\/4&#8243;][vc_single_image image=\u00bb13499&#8243; img_size=\u00bb200&#215;141&#8243; onclick=\u00bbcustom_link\u00bb link=\u00bbhttps:\/\/esperancas.com\/wp-content\/uploads\/2018\/10\/quadro-garfos-moveis.jpg\u00bb][vc_empty_space height=\u00bb8px\u00bb][vc_column_text]<\/p>\n<h6 style=\"text-align: center;\"><b>QUADRO DE GARFOS M\u00d3VEIS<\/b><\/h6>\n<p>[\/vc_column_text][\/vc_column_inner][vc_column_inner width=\u00bb1\/4&#8243;][vc_single_image][vc_empty_space height=\u00bb8px\u00bb][vc_column_text]<\/p>\n<h6 style=\"text-align: center;\">PATOLAS R\u00cdGIDAS PARA BLOCOS<\/h6>\n<p>[\/vc_column_text][\/vc_column_inner][vc_column_inner width=\u00bb1\/4&#8243;][vc_single_image][vc_empty_space height=\u00bb8px\u00bb][vc_column_text]<\/p>\n<h6 style=\"text-align: center;\">TOMBA BLOCOS<\/h6>\n<p>[\/vc_column_text][\/vc_column_inner][vc_column_inner width=\u00bb1\/4&#8243;][vc_single_image image=\u00bb13467&#8243; img_size=\u00bb200&#215;141&#8243; onclick=\u00bbcustom_link\u00bb link=\u00bbhttps:\/\/esperancas.com\/wp-content\/uploads\/2018\/10\/forquilha-hi-lift.png\u00bb][vc_empty_space height=\u00bb8px\u00bb][vc_column_text]<\/p>\n<h6 style=\"text-align: center;\">SWIVEL \\ FORQUILHA HIGH LIFT<\/h6>\n<p>[\/vc_column_text][\/vc_column_inner][\/vc_row_inner][vc_row_inner][vc_column_inner width=\u00bb1\/4&#8243;][vc_single_image][vc_empty_space height=\u00bb8px\u00bb][vc_column_text]<\/p>\n<h6 style=\"text-align: center;\"><b>FORQUILHAS<\/b><\/h6>\n<p>[\/vc_column_text][\/vc_column_inner][vc_column_inner width=\u00bb1\/4&#8243;][\/vc_column_inner][vc_column_inner width=\u00bb1\/4&#8243;][\/vc_column_inner][vc_column_inner width=\u00bb1\/4&#8243;][\/vc_column_inner][\/vc_row_inner][\/vc_tta_section][vc_tta_section title=\u00bbRETRO ESCAVADORAS\u00bb tab_id=\u00bb1493982798095-8a541a14-9f11&#8243;][vc_row_inner][vc_column_inner width=\u00bb1\/4&#8243;][vc_single_image][vc_empty_space height=\u00bb8px\u00bb][vc_column_text]<\/p>\n<h6 style=\"text-align: center;\"><b>EQUIPAMENTO RETRO<br \/>\n<\/b><\/h6>\n<p>[\/vc_column_text][\/vc_column_inner][vc_column_inner width=\u00bb1\/4&#8243;][vc_single_image][vc_empty_space height=\u00bb8px\u00bb][vc_column_text]<\/p>\n<h6 style=\"text-align: center;\">EQUIPAMENTO FRONTAL<\/h6>\n<p>[\/vc_column_text][\/vc_column_inner][vc_column_inner width=\u00bb1\/4&#8243;][\/vc_column_inner][vc_column_inner width=\u00bb1\/4&#8243;][\/vc_column_inner][\/vc_row_inner][\/vc_tta_section][vc_tta_section title=\u00bbMINI P\u00c1S CARREGADORAS\u00bb tab_id=\u00bb1493982875881-3ffa8a09-adfd\u00bb][vc_row_inner][vc_column_inner width=\u00bb1\/4&#8243;][vc_single_image][vc_empty_space height=\u00bb8px\u00bb][vc_column_text]<\/p>\n<h6 style=\"text-align: center;\"><b>Mini Escavadoras<br \/>\n<\/b><\/h6>\n<p>[\/vc_column_text][\/vc_column_inner][vc_column_inner width=\u00bb1\/4&#8243;][vc_single_image][vc_empty_space height=\u00bb8px\u00bb][vc_column_text]<\/p>\n<h6 style=\"text-align: center;\">Midi Escavadoras<\/h6>\n<p>[\/vc_column_text][\/vc_column_inner][vc_column_inner width=\u00bb1\/4&#8243;][vc_single_image][vc_empty_space height=\u00bb8px\u00bb][vc_column_text]<\/p>\n<h6 style=\"text-align: center;\">Escavadoras<\/h6>\n<p>[\/vc_column_text][\/vc_column_inner][vc_column_inner width=\u00bb1\/4&#8243;][vc_single_image][vc_empty_space height=\u00bb8px\u00bb][vc_column_text]<\/p>\n<h6 style=\"text-align: center;\">Retro Escavadoras<\/h6>\n<p>[\/vc_column_text][\/vc_column_inner][\/vc_row_inner][vc_row_inner][vc_column_inner width=\u00bb1\/4&#8243;][vc_single_image][vc_empty_space height=\u00bb8px\u00bb][vc_column_text]<\/p>\n<h6 style=\"text-align: center;\"><b>Mini P\u00e1s Carregadoras<br \/>\n<\/b><\/h6>\n<p>[\/vc_column_text][\/vc_column_inner][vc_column_inner width=\u00bb1\/4&#8243;][vc_single_image][vc_empty_space height=\u00bb8px\u00bb][vc_column_text]<\/p>\n<h6 style=\"text-align: center;\">Multi Carregadoras<\/h6>\n<p>[\/vc_column_text][\/vc_column_inner][vc_column_inner width=\u00bb1\/4&#8243;][vc_single_image][vc_empty_space height=\u00bb8px\u00bb][vc_column_text]<\/p>\n<h6 style=\"text-align: center;\">P\u00e1s Carregadoras<\/h6>\n<p>[\/vc_column_text][\/vc_column_inner][vc_column_inner width=\u00bb1\/4&#8243;][vc_single_image][vc_empty_space height=\u00bb8px\u00bb][vc_column_text]<\/p>\n<h6 style=\"text-align: center;\">Bulldozers<\/h6>\n<p>[\/vc_column_text][\/vc_column_inner][\/vc_row_inner][vc_row_inner][vc_column_inner width=\u00bb1\/4&#8243;][vc_single_image][vc_empty_space height=\u00bb8px\u00bb][vc_column_text]<\/p>\n<h6 style=\"text-align: center;\"><b>Niveladoras<\/b><\/h6>\n<p>[\/vc_column_text][\/vc_column_inner][vc_column_inner width=\u00bb1\/4&#8243;][vc_single_image][vc_empty_space height=\u00bb8px\u00bb][vc_column_text]<\/p>\n<h6 style=\"text-align: center;\">Dumpers<\/h6>\n<p>[\/vc_column_text][\/vc_column_inner][vc_column_inner width=\u00bb1\/4&#8243;][\/vc_column_inner][vc_column_inner width=\u00bb1\/4&#8243;][\/vc_column_inner][\/vc_row_inner][\/vc_tta_section][vc_tta_section title=\u00bbMULTI CARREGADORAS\u00bb tab_id=\u00bb1493982912048-77c0ba9e-2de4&#8243;][vc_row_inner][vc_column_inner width=\u00bb1\/4&#8243;][vc_single_image image=\u00bb13483&#8243; img_size=\u00bb200&#215;141&#8243; onclick=\u00bbcustom_link\u00bb link=\u00bbhttps:\/\/esperancas.com\/wp-content\/uploads\/2018\/10\/engate-rapido.png\u00bb][vc_empty_space height=\u00bb8px\u00bb][vc_column_text]<\/p>\n<h6 style=\"text-align: center;\"><b>ENGATE R\u00c1PIDO<br \/>\n<\/b><\/h6>\n<p>[\/vc_column_text][\/vc_column_inner][vc_column_inner width=\u00bb1\/4&#8243;][vc_single_image image=\u00bb13471&#8243; img_size=\u00bb200&#215;141&#8243; onclick=\u00bbcustom_link\u00bb link=\u00bbhttps:\/\/esperancas.com\/wp-content\/uploads\/2018\/10\/balde-frontal-standard-3.png\u00bb][vc_empty_space height=\u00bb8px\u00bb][vc_column_text]<\/p>\n<h6 style=\"text-align: center;\">BALDES STD<\/h6>\n<p>[\/vc_column_text][\/vc_column_inner][vc_column_inner width=\u00bb1\/4&#8243;][vc_single_image image=\u00bb13442&#8243; img_size=\u00bb200&#215;141&#8243; onclick=\u00bbcustom_link\u00bb link=\u00bbhttps:\/\/esperancas.com\/wp-content\/uploads\/2018\/10\/balde-materiais-leves.png\u00bb][vc_empty_space height=\u00bb8px\u00bb][vc_column_text]<\/p>\n<h6 style=\"text-align: center;\">BALDES MATERIAIS LEVES<\/h6>\n<p>[\/vc_column_text][\/vc_column_inner][vc_column_inner width=\u00bb1\/4&#8243;][vc_single_image][vc_empty_space height=\u00bb8px\u00bb][vc_column_text]<\/p>\n<h6 style=\"text-align: center;\">BALDE COM PIN\u00c7A<\/h6>\n<p>[\/vc_column_text][\/vc_column_inner][\/vc_row_inner][vc_row_inner][vc_column_inner width=\u00bb1\/4&#8243;][vc_single_image image=\u00bb13499&#8243; img_size=\u00bb200&#215;141&#8243; onclick=\u00bbcustom_link\u00bb link=\u00bbhttps:\/\/esperancas.com\/wp-content\/uploads\/2018\/10\/quadro-garfos-moveis.jpg\u00bb][vc_empty_space height=\u00bb8px\u00bb][vc_column_text]<\/p>\n<h6 style=\"text-align: center;\"><b>QUADRO DE GARFOS M\u00d3VEIS<br \/>\n<\/b><\/h6>\n<p>[\/vc_column_text][\/vc_column_inner][vc_column_inner width=\u00bb1\/4&#8243;][vc_single_image][vc_empty_space height=\u00bb8px\u00bb][vc_column_text]<\/p>\n<h6 style=\"text-align: center;\">FORQUILHAS<\/h6>\n<p>[\/vc_column_text][\/vc_column_inner][vc_column_inner width=\u00bb1\/4&#8243;][\/vc_column_inner][vc_column_inner width=\u00bb1\/4&#8243;][\/vc_column_inner][\/vc_row_inner][\/vc_tta_section][vc_tta_section title=\u00bbP\u00c1S CARREGADORAS\u00bb tab_id=\u00bb1549236963315-ccb0d366-d406&#8243;][vc_row_inner][vc_column_inner width=\u00bb1\/4&#8243;][vc_single_image image=\u00bb13464&#8243; img_size=\u00bb200&#215;141&#8243; onclick=\u00bbcustom_link\u00bb link=\u00bbhttps:\/\/esperancas.com\/wp-content\/uploads\/2018\/10\/engate-rapido-frontal.png\u00bb][vc_empty_space height=\u00bb8px\u00bb][vc_column_text]<\/p>\n<h6 style=\"text-align: center;\"><b>ENGATE R\u00c1PIDO FRONTAL<br \/>\n<\/b><\/h6>\n<p>[\/vc_column_text][\/vc_column_inner][vc_column_inner width=\u00bb1\/4&#8243;][vc_single_image][vc_empty_space height=\u00bb8px\u00bb][vc_column_text]<\/p>\n<h6 style=\"text-align: center;\">ENGATE R\u00c1PIDO CUNHAS VERTICAIS<\/h6>\n<p>[\/vc_column_text][\/vc_column_inner][vc_column_inner width=\u00bb1\/4&#8243;][vc_single_image image=\u00bb13443&#8243; img_size=\u00bb200&#215;141&#8243; onclick=\u00bbcustom_link\u00bb link=\u00bbhttps:\/\/esperancas.com\/wp-content\/uploads\/2018\/10\/balde-frontal-standard.png\u00bb][vc_empty_space height=\u00bb8px\u00bb][vc_column_text]<\/p>\n<h6 style=\"text-align: center;\">BALDES STD<\/h6>\n<p>[\/vc_column_text][\/vc_column_inner][vc_column_inner width=\u00bb1\/4&#8243;][vc_single_image image=\u00bb13452&#8243; img_size=\u00bb200&#215;141&#8243; onclick=\u00bbcustom_link\u00bb link=\u00bbhttps:\/\/esperancas.com\/wp-content\/uploads\/2018\/10\/balde-frontal-multi-funcoes.png\u00bb][vc_empty_space height=\u00bb8px\u00bb][vc_column_text]<\/p>\n<h6 style=\"text-align: center;\">BALDES MULTIFUN\u00c7\u00d5ES<\/h6>\n<p>[\/vc_column_text][\/vc_column_inner][\/vc_row_inner][vc_row_inner][vc_column_inner width=\u00bb1\/4&#8243;][vc_single_image image=\u00bb13470&#8243; img_size=\u00bb200&#215;141&#8243; onclick=\u00bbcustom_link\u00bb link=\u00bbhttps:\/\/esperancas.com\/wp-content\/uploads\/2018\/10\/balde-materiais-leves-1.png\u00bb][vc_empty_space height=\u00bb8px\u00bb][vc_column_text]<\/p>\n<h6 style=\"text-align: center;\"><b>BALDES MATERIAIS LEVES<br \/>\n<\/b><\/h6>\n<p>[\/vc_column_text][\/vc_column_inner][vc_column_inner width=\u00bb1\/4&#8243;][vc_single_image][vc_empty_space height=\u00bb8px\u00bb][vc_column_text]<\/p>\n<h6 style=\"text-align: center;\">BALDES ROCHA<\/h6>\n<p>[\/vc_column_text][\/vc_column_inner][vc_column_inner width=\u00bb1\/4&#8243;][vc_single_image image=\u00bb13473&#8243; img_size=\u00bb200&#215;141&#8243; onclick=\u00bbcustom_link\u00bb link=\u00bbhttps:\/\/esperancas.com\/wp-content\/uploads\/2018\/10\/balde-descarga-elevada-1.png\u00bb][vc_empty_space height=\u00bb8px\u00bb][vc_column_text]<\/p>\n<h6 style=\"text-align: center;\">BALDES DESCARGA ELEVADA<\/h6>\n<p>[\/vc_column_text][\/vc_column_inner][vc_column_inner width=\u00bb1\/4&#8243;][vc_single_image][vc_empty_space height=\u00bb8px\u00bb][vc_column_text]<\/p>\n<h6 style=\"text-align: center;\">BALDES COM PIN\u00c7AS<\/h6>\n<p>[\/vc_column_text][\/vc_column_inner][\/vc_row_inner][vc_row_inner][vc_column_inner width=\u00bb1\/4&#8243;][vc_single_image image=\u00bb13499&#8243; img_size=\u00bb200&#215;141&#8243; onclick=\u00bbcustom_link\u00bb link=\u00bbhttps:\/\/esperancas.com\/wp-content\/uploads\/2018\/10\/quadro-garfos-moveis.jpg\u00bb][vc_empty_space height=\u00bb8px\u00bb][vc_column_text]<\/p>\n<h6 style=\"text-align: center;\"><b>QUADRO DE GARFOS M\u00d3VEIS<\/b><\/h6>\n<p>[\/vc_column_text][\/vc_column_inner][vc_column_inner width=\u00bb1\/4&#8243;][vc_single_image][vc_empty_space height=\u00bb8px\u00bb][vc_column_text]<\/p>\n<h6 style=\"text-align: center;\">PATOLAS R\u00cdGIDAS PARA BLOCOS<\/h6>\n<p>[\/vc_column_text][\/vc_column_inner][vc_column_inner width=\u00bb1\/4&#8243;][vc_single_image][vc_empty_space height=\u00bb8px\u00bb][vc_column_text]<\/p>\n<h6 style=\"text-align: center;\">TOMBA BLOCOS<\/h6>\n<p>[\/vc_column_text][\/vc_column_inner][vc_column_inner width=\u00bb1\/4&#8243;][vc_single_image image=\u00bb13467&#8243; img_size=\u00bb200&#215;141&#8243; onclick=\u00bbcustom_link\u00bb link=\u00bbhttps:\/\/esperancas.com\/wp-content\/uploads\/2018\/10\/forquilha-hi-lift.png\u00bb][vc_empty_space height=\u00bb8px\u00bb][vc_column_text]<\/p>\n<h6 style=\"text-align: center;\">SWIVEL \\ FORQUILHA HIGH LIFT<\/h6>\n<p>[\/vc_column_text][\/vc_column_inner][\/vc_row_inner][vc_row_inner][vc_column_inner width=\u00bb1\/4&#8243;][vc_single_image][vc_empty_space height=\u00bb8px\u00bb][vc_column_text]<\/p>\n<h6 style=\"text-align: center;\"><b>FORQUILHAS<\/b><\/h6>\n<p>[\/vc_column_text][\/vc_column_inner][vc_column_inner width=\u00bb1\/4&#8243;][\/vc_column_inner][vc_column_inner width=\u00bb1\/4&#8243;][\/vc_column_inner][vc_column_inner width=\u00bb1\/4&#8243;][\/vc_column_inner][\/vc_row_inner][\/vc_tta_section][vc_tta_section title=\u00bbBULLDOZERS\u00bb tab_id=\u00bb1493982976471-7efd1eaf-f3a8&#8243;][vc_row_inner][vc_column_inner width=\u00bb1\/4&#8243;][vc_single_image image=\u00bb13484&#8243; img_size=\u00bb200&#215;141&#8243; onclick=\u00bbcustom_link\u00bb link=\u00bbhttps:\/\/esperancas.com\/wp-content\/uploads\/2018\/10\/ripper-1.png\u00bb][vc_empty_space height=\u00bb8px\u00bb][vc_column_text]<\/p>\n<h6 style=\"text-align: center;\"><b>RIPPERS<br \/>\n<\/b><\/h6>\n<p>[\/vc_column_text][\/vc_column_inner][vc_column_inner width=\u00bb1\/4&#8243;][vc_single_image][vc_empty_space height=\u00bb8px\u00bb][vc_column_text]<\/p>\n<h6 style=\"text-align: center;\">GRADES DE DISCOS em V<\/h6>\n<p>[\/vc_column_text][\/vc_column_inner][vc_column_inner width=\u00bb1\/4&#8243;][vc_single_image][vc_empty_space height=\u00bb8px\u00bb][vc_column_text]<\/p>\n<h6 style=\"text-align: center;\">L\u00c2MINAS FRONTAIS DOZER<\/h6>\n<p>[\/vc_column_text][\/vc_column_inner][vc_column_inner width=\u00bb1\/4&#8243;][vc_single_image][vc_empty_space height=\u00bb8px\u00bb][vc_column_text]<\/p>\n<h6 style=\"text-align: center;\">GUINCHO<\/h6>\n<p>[\/vc_column_text][\/vc_column_inner][\/vc_row_inner][\/vc_tta_section][vc_tta_section title=\u00bbNIVELADORAS\u00bb tab_id=\u00bb1493983163738-d84678ae-f6ed\u00bb][vc_row_inner][vc_column_inner width=\u00bb1\/4&#8243;][vc_single_image][vc_empty_space height=\u00bb8px\u00bb][vc_column_text]<\/p>\n<h6 style=\"text-align: center;\"><b>RIPPER RETRO<br \/>\n<\/b><\/h6>\n<p>[\/vc_column_text][\/vc_column_inner][vc_column_inner width=\u00bb1\/4&#8243;][vc_single_image][vc_empty_space height=\u00bb8px\u00bb][vc_column_text]<\/p>\n<h6 style=\"text-align: center;\">L\u00c2MINA FRONTAL<\/h6>\n<p>[\/vc_column_text][\/vc_column_inner][vc_column_inner width=\u00bb1\/4&#8243;][\/vc_column_inner][vc_column_inner width=\u00bb1\/4&#8243;][\/vc_column_inner][\/vc_row_inner][\/vc_tta_section][vc_tta_section title=\u00bbDUMPERS\u00bb tab_id=\u00bb1493983209982-7bef0ec8-686b\u00bb][vc_row_inner][vc_column_inner width=\u00bb1\/4&#8243;][vc_single_image image=\u00bb13454&#8243; img_size=\u00bb200&#215;141&#8243; onclick=\u00bbcustom_link\u00bb link=\u00bbhttps:\/\/esperancas.com\/wp-content\/uploads\/2018\/10\/Portoes-Traseiro.png\u00bb][vc_empty_space height=\u00bb8px\u00bb][vc_column_text]<\/p>\n<h6 style=\"text-align: center;\"><b>PORT\u00d5ES BASCULANTES<br \/>\n<\/b><\/h6>\n<p>[\/vc_column_text][\/vc_column_inner][vc_column_inner width=\u00bb1\/4&#8243;][vc_single_image][vc_empty_space height=\u00bb8px\u00bb][vc_column_text]<\/p>\n<h6 style=\"text-align: center;\">EXTENS\u00d5ES DE TAIPAIS<\/h6>\n<p>[\/vc_column_text][\/vc_column_inner][vc_column_inner width=\u00bb1\/4&#8243;][vc_single_image][vc_empty_space height=\u00bb8px\u00bb][vc_column_text]<\/p>\n<h6 style=\"text-align: center;\">KITS DE FORRA INTERIORES DA CAIXA<\/h6>\n<p>[\/vc_column_text][\/vc_column_inner][vc_column_inner width=\u00bb1\/4&#8243;][\/vc_column_inner][\/vc_row_inner][\/vc_tta_section][\/vc_tta_tour][\/vc_column][\/vc_row]<\/p>\n","protected":false},"excerpt":{"rendered":"<p>[vc_row background_style=\u00bbcover\u00bb css=\u00bb.vc_custom_1427792769516{margin-top: 30px !important;}\u00bb][vc_column][vc_column_text] Constru\u00e7\u00e3o e obras p\u00fablicas Para a \u00e1rea de Constru\u00e7\u00e3o produzimos material acess\u00f3rio para Escavadoras, P\u00e1s Carregadoras, Retro Escavadoras, Skid Loaders, Multicarregadoras, Bulldozers e Motoniveladoras.[\/vc_column_text][\/vc_column][\/vc_row][vc_row background_style=\u00bbcover\u00bb css=\u00bb.vc_custom_1428460385159{margin-top: -1px !important;}\u00bb][vc_column][vc_separator color=\u00bbcustom\u00bb accent_color=\u00bbrgba(0,0,0,0.1)\u00bb][\/vc_column][\/vc_row][vc_row background_style=\u00bbcover\u00bb css=\u00bb.vc_custom_1428460385159{margin-top: -1px !important;}\u00bb][vc_column][vc_tta_tour active_section=\u00bb1&#8243;][vc_tta_section title=\u00bbMINI ESCAVADORAS\u00bb tab_id=\u00bb1493215768927-0bbfd871-a7d6&#8243;][vc_row_inner][vc_column_inner width=\u00bb1\/4&#8243;][vc_single_image image=\u00bb13305&#8243; img_size=\u00bb200&#215;141&#8243; onclick=\u00bbcustom_link\u00bb link=\u00bbhttps:\/\/esperancas.com\/spr-cop-minesc-engate-rapido-universal\/\u00bb][vc_empty_space height=\u00bb8px\u00bb][vc_column_text] ENGATE R\u00c1PIDO UNIVERSAL [\/vc_column_text][\/vc_column_inner][vc_column_inner width=\u00bb1\/4&#8243;][vc_single_image image=\u00bb13307&#8243;&hellip;<\/p>\n","protected":false},"author":1,"featured_media":0,"parent":0,"menu_order":0,"comment_status":"closed","ping_status":"open","template":"fullwidth.php","meta":{"footnotes":""},"class_list":["post-13084","page","type-page","status-publish","hentry"],"_links":{"self":[{"href":"https:\/\/esperancas.com\/es\/wp-json\/wp\/v2\/pages\/13084","targetHints":{"allow":["GET"]}}],"collection":[{"href":"https:\/\/esperancas.com\/es\/wp-json\/wp\/v2\/pages"}],"about":[{"href":"https:\/\/esperancas.com\/es\/wp-json\/wp\/v2\/types\/page"}],"author":[{"embeddable":true,"href":"https:\/\/esperancas.com\/es\/wp-json\/wp\/v2\/users\/1"}],"replies":[{"embeddable":true,"href":"https:\/\/esperancas.com\/es\/wp-json\/wp\/v2\/comments?post=13084"}],"version-history":[{"count":31,"href":"https:\/\/esperancas.com\/es\/wp-json\/wp\/v2\/pages\/13084\/revisions"}],"predecessor-version":[{"id":13911,"href":"https:\/\/esperancas.com\/es\/wp-json\/wp\/v2\/pages\/13084\/revisions\/13911"}],"wp:attachment":[{"href":"https:\/\/esperancas.com\/es\/wp-json\/wp\/v2\/media?parent=13084"}],"curies":[{"name":"wp","href":"https:\/\/api.w.org\/{rel}","templated":true}]}}