{"id":13139,"date":"2017-06-19T13:32:45","date_gmt":"2017-06-19T13:32:45","guid":{"rendered":"https:\/\/esperancas.com\/?page_id=13139"},"modified":"2020-01-25T01:03:08","modified_gmt":"2020-01-25T01:03:08","slug":"areas-de-actividade","status":"publish","type":"page","link":"https:\/\/esperancas.com\/es\/areas-de-actividade\/","title":{"rendered":"\u00c1reas de Actividad"},"content":{"rendered":"<div id=\"fb-root\"><\/div>\n<p>[vc_row background_style=\u00bbcover\u00bb css=\u00bb.vc_custom_1427792769516{margin-top: 30px !important;}\u00bb][vc_column][vc_column_text]<\/p>\n<h1>\u00c1REAS DE ACTIVIDAD<\/h1>\n<p>El n\u00facleo de nuestro negocio es el dise\u00f1o, fabricaci\u00f3n y montaje de implementos en construcci\u00f3n soldada para los siguientes sectores:[\/vc_column_text][\/vc_column][\/vc_row][vc_row background_style=\u00bbcover\u00bb css=\u00bb.vc_custom_1428460385159{margin-top: -1px !important;}\u00bb][vc_column][vc_separator color=\u00bbcustom\u00bb accent_color=\u00bbrgba(0,0,0,0.1)\u00bb][\/vc_column][\/vc_row][vc_row background_style=\u00bbcover\u00bb css=\u00bb.vc_custom_1428460385159{margin-top: -1px !important;}\u00bb][vc_column][vc_tta_tour active_section=\u00bb1&#8243;][vc_tta_section title=\u00bbCONSTRUCCI\u00d3N Y OP\u00bb tab_id=\u00bb1493215768927-0bbfd871-a7d6&#8243;][vc_row_inner][vc_column_inner width=\u00bb1\/4&#8243;][vc_single_image image=\u00bb13414&#8243; img_size=\u00bb450&#215;400&#8243; onclick=\u00bbcustom_link\u00bb link=\u00bbhttps:\/\/esperancas.com\/construcao-e-obras-publicas\/#1493215768927-0bbfd871-a7d6&#8243;][vc_empty_space height=\u00bb8px\u00bb][vc_column_text]<\/p>\n<h6 style=\"text-align: center;\"><b>MINI EXCAVADORAS<\/b><\/h6>\n<p>[\/vc_column_text][\/vc_column_inner][vc_column_inner width=\u00bb1\/4&#8243;][vc_single_image image=\u00bb13416&#8243; img_size=\u00bb450&#215;400&#8243; onclick=\u00bbcustom_link\u00bb link=\u00bbhttps:\/\/esperancas.com\/construcao-e-obras-publicas\/#1493982752899-bc987553-2d17&#8243;][vc_empty_space height=\u00bb8px\u00bb][vc_column_text]<\/p>\n<h6 style=\"text-align: center;\">EXCAVADORAS<\/h6>\n<p>[\/vc_column_text][\/vc_column_inner][vc_column_inner width=\u00bb1\/4&#8243;][vc_single_image image=\u00bb13411&#8243; img_size=\u00bb450&#215;400&#8243; onclick=\u00bbcustom_link\u00bb link=\u00bbhttps:\/\/esperancas.com\/construcao-e-obras-publicas\/#1493982798095-8a541a14-9f11&#8243;][vc_empty_space height=\u00bb8px\u00bb][vc_column_text]<\/p>\n<h6 style=\"text-align: center;\">RETROPALAS<\/h6>\n<p>[\/vc_column_text][\/vc_column_inner][vc_column_inner width=\u00bb1\/4&#8243;][vc_single_image image=\u00bb13409&#8243; img_size=\u00bb450&#215;400&#8243; onclick=\u00bbcustom_link\u00bb link=\u00bbhttps:\/\/esperancas.com\/construcao-e-obras-publicas\/#1493982875881-3ffa8a09-adfd\u00bb][vc_empty_space height=\u00bb8px\u00bb][vc_column_text]<\/p>\n<h6 style=\"text-align: center;\"><b>MINICARGADORAS<\/b><\/h6>\n<p>[\/vc_column_text][\/vc_column_inner][\/vc_row_inner][vc_row_inner][vc_column_inner width=\u00bb1\/4&#8243;][vc_single_image image=\u00bb13410&#8243; img_size=\u00bb450&#215;400&#8243; onclick=\u00bbcustom_link\u00bb link=\u00bbhttps:\/\/esperancas.com\/construcao-e-obras-publicas\/#1493982912048-77c0ba9e-2de4&#8243;][vc_empty_space height=\u00bb8px\u00bb][vc_column_text]<\/p>\n<h6 style=\"text-align: center;\">MANIPULADORAS TELESC\u00d3PICAS<\/h6>\n<p>[\/vc_column_text][\/vc_column_inner][vc_column_inner width=\u00bb1\/4&#8243;][vc_single_image image=\u00bb13417&#8243; img_size=\u00bb450&#215;400&#8243; onclick=\u00bbcustom_link\u00bb link=\u00bbhttps:\/\/esperancas.com\/construcao-e-obras-publicas\/#1493982940597-49115a47-82c7&#8243;][vc_empty_space height=\u00bb8px\u00bb][vc_column_text]<\/p>\n<h6 style=\"text-align: center;\">PALAS DE RUEDAS<\/h6>\n<p>[\/vc_column_text][\/vc_column_inner][vc_column_inner width=\u00bb1\/4&#8243;][vc_single_image image=\u00bb13418&#8243; img_size=\u00bb450&#215;400&#8243; onclick=\u00bbcustom_link\u00bb link=\u00bbhttps:\/\/esperancas.com\/construcao-e-obras-publicas\/#1493982976471-7efd1eaf-f3a8&#8243;][vc_empty_space height=\u00bb8px\u00bb][vc_column_text]<\/p>\n<h6 style=\"text-align: center;\">BULLDOZERS<\/h6>\n<p>[\/vc_column_text][\/vc_column_inner][vc_column_inner width=\u00bb1\/4&#8243;][vc_single_image image=\u00bb13419&#8243; img_size=\u00bb450&#215;400&#8243; onclick=\u00bbcustom_link\u00bb link=\u00bbhttps:\/\/esperancas.com\/construcao-e-obras-publicas\/#1493983163738-d84678ae-f6ed\u00bb][vc_empty_space height=\u00bb8px\u00bb][vc_column_text]<\/p>\n<h6 style=\"text-align: center;\">MOTONIVELADORAS<\/h6>\n<p>[\/vc_column_text][\/vc_column_inner][\/vc_row_inner][vc_row_inner][vc_column_inner width=\u00bb1\/4&#8243;][vc_single_image image=\u00bb13423&#8243; img_size=\u00bb450&#215;400&#8243; onclick=\u00bbcustom_link\u00bb link=\u00bbhttps:\/\/esperancas.com\/construcao-e-obras-publicas\/#1493983209982-7bef0ec8-686b\u00bb][vc_empty_space height=\u00bb8px\u00bb][vc_column_text]<\/p>\n<h6 style=\"text-align: center;\">D\u00daMPERES ARTICULADOS<\/h6>\n<p>[\/vc_column_text][\/vc_column_inner][vc_column_inner width=\u00bb1\/4&#8243;][\/vc_column_inner][vc_column_inner width=\u00bb1\/4&#8243;][\/vc_column_inner][vc_column_inner width=\u00bb1\/4&#8243;][\/vc_column_inner][\/vc_row_inner][\/vc_tta_section][vc_tta_section title=\u00bbFORESTAL\u00bb tab_id=\u00bb1493215768981-6d518c26-6ea7&#8243;][vc_row_inner][vc_column_inner width=\u00bb1\/4&#8243;][vc_single_image image=\u00bb13414&#8243; img_size=\u00bb450&#215;400&#8243;][vc_empty_space height=\u00bb8px\u00bb][vc_column_text]<\/p>\n<h6 style=\"text-align: center;\"><b>MINI EXCAVADORAS<\/b><\/h6>\n<p>[\/vc_column_text][\/vc_column_inner][vc_column_inner width=\u00bb1\/4&#8243;][vc_single_image image=\u00bb13416&#8243; img_size=\u00bb450&#215;400&#8243;][vc_empty_space height=\u00bb8px\u00bb][vc_column_text]<\/p>\n<h6 style=\"text-align: center;\">EXCAVADORAS<\/h6>\n<p>[\/vc_column_text][\/vc_column_inner][vc_column_inner width=\u00bb1\/4&#8243;][vc_single_image image=\u00bb13411&#8243; img_size=\u00bb450&#215;400&#8243;][vc_empty_space height=\u00bb8px\u00bb][vc_column_text]<\/p>\n<h6 style=\"text-align: center;\">RETROPALAS<\/h6>\n<p>[\/vc_column_text][\/vc_column_inner][vc_column_inner width=\u00bb1\/4&#8243;][vc_single_image image=\u00bb13409&#8243; img_size=\u00bb450&#215;400&#8243;][vc_empty_space height=\u00bb8px\u00bb][vc_column_text]<\/p>\n<h6 style=\"text-align: center;\"><b>MINICARGADORAS<\/b><\/h6>\n<p>[\/vc_column_text][\/vc_column_inner][\/vc_row_inner][vc_row_inner][vc_column_inner width=\u00bb1\/4&#8243;][vc_single_image image=\u00bb13410&#8243; img_size=\u00bb450&#215;400&#8243;][vc_empty_space height=\u00bb8px\u00bb][vc_column_text]<\/p>\n<h6 style=\"text-align: center;\">MANIPULADORAS TELESC\u00d3PICAS<\/h6>\n<p>[\/vc_column_text][\/vc_column_inner][vc_column_inner width=\u00bb1\/4&#8243;][vc_single_image image=\u00bb13417&#8243; img_size=\u00bb450&#215;400&#8243;][vc_empty_space height=\u00bb8px\u00bb][vc_column_text]<\/p>\n<h6 style=\"text-align: center;\">PALAS DE RUEDAS<\/h6>\n<p>[\/vc_column_text][\/vc_column_inner][vc_column_inner width=\u00bb1\/4&#8243;][vc_single_image image=\u00bb13418&#8243; img_size=\u00bb450&#215;400&#8243;][vc_empty_space height=\u00bb8px\u00bb][vc_column_text]<\/p>\n<h6 style=\"text-align: center;\">BULLDOZERS<\/h6>\n<p>[\/vc_column_text][\/vc_column_inner][vc_column_inner width=\u00bb1\/4&#8243;][vc_single_image image=\u00bb13419&#8243; img_size=\u00bb450&#215;400&#8243;][vc_empty_space height=\u00bb8px\u00bb][vc_column_text]<\/p>\n<h6 style=\"text-align: center;\">MOTONIVELADORAS<\/h6>\n<p>[\/vc_column_text][\/vc_column_inner][\/vc_row_inner][vc_row_inner][vc_column_inner width=\u00bb1\/4&#8243;][vc_single_image image=\u00bb13420&#8243; img_size=\u00bb450&#215;400&#8243;][vc_empty_space height=\u00bb8px\u00bb][vc_column_text]<\/p>\n<h6 style=\"text-align: center;\">MANIPULADORAS DE MATERIALES<\/h6>\n<p>[\/vc_column_text][\/vc_column_inner][vc_column_inner width=\u00bb1\/4&#8243;][\/vc_column_inner][vc_column_inner width=\u00bb1\/4&#8243;][\/vc_column_inner][vc_column_inner width=\u00bb1\/4&#8243;][\/vc_column_inner][\/vc_row_inner][\/vc_tta_section][vc_tta_section title=\u00bbRECICLAJE Y MEDIO AMBIENTE\u00bb tab_id=\u00bb1497294031912-186ad50b-f654&#8243;][vc_row_inner][vc_column_inner width=\u00bb1\/4&#8243;][vc_single_image image=\u00bb13414&#8243; img_size=\u00bb450&#215;400&#8243;][vc_empty_space height=\u00bb8px\u00bb][vc_column_text]<\/p>\n<h6 style=\"text-align: center;\"><b>MINI EXCAVADORAS<\/b><\/h6>\n<p>[\/vc_column_text][\/vc_column_inner][vc_column_inner width=\u00bb1\/4&#8243;][vc_single_image image=\u00bb13416&#8243; img_size=\u00bb450&#215;400&#8243;][vc_empty_space height=\u00bb8px\u00bb][vc_column_text]<\/p>\n<h6 style=\"text-align: center;\">EXCAVADORAS<\/h6>\n<p>[\/vc_column_text][\/vc_column_inner][vc_column_inner width=\u00bb1\/4&#8243;][vc_single_image image=\u00bb13411&#8243; img_size=\u00bb450&#215;400&#8243;][vc_empty_space height=\u00bb8px\u00bb][vc_column_text]<\/p>\n<h6 style=\"text-align: center;\">RETROPALAS<\/h6>\n<p>[\/vc_column_text][\/vc_column_inner][vc_column_inner width=\u00bb1\/4&#8243;][vc_single_image image=\u00bb13409&#8243; img_size=\u00bb450&#215;400&#8243;][vc_empty_space height=\u00bb8px\u00bb][vc_column_text]<\/p>\n<h6 style=\"text-align: center;\"><b>MINICARGADORAS<\/b><\/h6>\n<p>[\/vc_column_text][\/vc_column_inner][\/vc_row_inner][vc_row_inner][vc_column_inner width=\u00bb1\/4&#8243;][vc_single_image image=\u00bb13410&#8243; img_size=\u00bb450&#215;400&#8243;][vc_empty_space height=\u00bb8px\u00bb][vc_column_text]<\/p>\n<h6 style=\"text-align: center;\">MANIPULADORAS TELESC\u00d3PICAS<\/h6>\n<p>[\/vc_column_text][\/vc_column_inner][vc_column_inner width=\u00bb1\/4&#8243;][vc_single_image image=\u00bb13417&#8243; img_size=\u00bb450&#215;400&#8243;][vc_empty_space height=\u00bb8px\u00bb][vc_column_text]<\/p>\n<h6 style=\"text-align: center;\">PALAS DE RUEDAS<\/h6>\n<p>[\/vc_column_text][\/vc_column_inner][vc_column_inner width=\u00bb1\/4&#8243;][vc_single_image image=\u00bb13418&#8243; img_size=\u00bb450&#215;400&#8243;][vc_empty_space height=\u00bb8px\u00bb][vc_column_text]<\/p>\n<h6 style=\"text-align: center;\">BULLDOZERS<\/h6>\n<p>[\/vc_column_text][\/vc_column_inner][vc_column_inner width=\u00bb1\/4&#8243;][vc_single_image image=\u00bb13419&#8243; img_size=\u00bb450&#215;400&#8243;][vc_empty_space height=\u00bb8px\u00bb][vc_column_text]<\/p>\n<h6 style=\"text-align: center;\">MOTONIVELADORAS<\/h6>\n<p>[\/vc_column_text][\/vc_column_inner][\/vc_row_inner][vc_row_inner][vc_column_inner width=\u00bb1\/4&#8243;][vc_single_image image=\u00bb13420&#8243; img_size=\u00bb450&#215;400&#8243;][vc_empty_space height=\u00bb8px\u00bb][vc_column_text]<\/p>\n<h6 style=\"text-align: center;\">MANIPULADORAS DE MATERIALES<\/h6>\n<p>[\/vc_column_text][\/vc_column_inner][vc_column_inner width=\u00bb1\/4&#8243;][\/vc_column_inner][vc_column_inner width=\u00bb1\/4&#8243;][\/vc_column_inner][vc_column_inner width=\u00bb1\/4&#8243;][\/vc_column_inner][\/vc_row_inner][\/vc_tta_section][vc_tta_section title=\u00bbAGRICULTURA\u00bb tab_id=\u00bb1493215946860-33c094db-274d\u00bb][vc_row_inner][vc_column_inner width=\u00bb1\/4&#8243;][vc_single_image image=\u00bb13409&#8243; img_size=\u00bb450&#215;400&#8243;][vc_empty_space height=\u00bb8px\u00bb][vc_column_text]<\/p>\n<h6 style=\"text-align: center;\"><b>MINICARGADORAS<\/b><\/h6>\n<p>[\/vc_column_text][\/vc_column_inner][vc_column_inner width=\u00bb1\/4&#8243;][vc_single_image image=\u00bb13410&#8243; img_size=\u00bb450&#215;400&#8243;][vc_empty_space height=\u00bb8px\u00bb][vc_column_text]<\/p>\n<h6 style=\"text-align: center;\">MANIPULADORAS TELESC\u00d3PICAS<\/h6>\n<p>[\/vc_column_text][\/vc_column_inner][vc_column_inner width=\u00bb1\/4&#8243;][vc_single_image image=\u00bb13411&#8243; img_size=\u00bb450&#215;400&#8243;][vc_empty_space height=\u00bb8px\u00bb][vc_column_text]<\/p>\n<h6 style=\"text-align: center;\">RETROPALAS<\/h6>\n<p>[\/vc_column_text][\/vc_column_inner][vc_column_inner width=\u00bb1\/4&#8243;][vc_single_image image=\u00bb13412&#8243; img_size=\u00bb450&#215;400&#8243;][vc_empty_space height=\u00bb8px\u00bb][vc_column_text]<\/p>\n<h6 style=\"text-align: center;\">TRACTORES<\/h6>\n<p>[\/vc_column_text][\/vc_column_inner][\/vc_row_inner][\/vc_tta_section][\/vc_tta_tour][\/vc_column][\/vc_row]<\/p>","protected":false},"excerpt":{"rendered":"<p>[vc_row background_style=\u00bbcover\u00bb css=\u00bb.vc_custom_1427792769516{margin-top: 30px !important;}\u00bb][vc_column][vc_column_text] \u00c1REAS DE ACTIVIDAD El n\u00facleo de nuestro negocio es el dise\u00f1o, fabricaci\u00f3n y montaje de implementos en construcci\u00f3n soldada para los siguientes sectores:[\/vc_column_text][\/vc_column][\/vc_row][vc_row background_style=\u00bbcover\u00bb css=\u00bb.vc_custom_1428460385159{margin-top: -1px !important;}\u00bb][vc_column][vc_separator color=\u00bbcustom\u00bb accent_color=\u00bbrgba(0,0,0,0.1)\u00bb][\/vc_column][\/vc_row][vc_row background_style=\u00bbcover\u00bb css=\u00bb.vc_custom_1428460385159{margin-top: -1px !important;}\u00bb][vc_column][vc_tta_tour active_section=\u00bb1&#8243;][vc_tta_section title=\u00bbCONSTRUCCI\u00d3N Y OP\u00bb tab_id=\u00bb1493215768927-0bbfd871-a7d6&#8243;][vc_row_inner][vc_column_inner width=\u00bb1\/4&#8243;][vc_single_image image=\u00bb13414&#8243; img_size=\u00bb450&#215;400&#8243; onclick=\u00bbcustom_link\u00bb link=\u00bbhttps:\/\/esperancas.com\/construcao-e-obras-publicas\/#1493215768927-0bbfd871-a7d6&#8243;][vc_empty_space height=\u00bb8px\u00bb][vc_column_text] MINI EXCAVADORAS [\/vc_column_text][\/vc_column_inner][vc_column_inner width=\u00bb1\/4&#8243;][vc_single_image image=\u00bb13416&#8243; img_size=\u00bb450&#215;400&#8243;&hellip;<\/p>\n","protected":false},"author":1,"featured_media":0,"parent":0,"menu_order":0,"comment_status":"closed","ping_status":"open","template":"fullwidth.php","meta":{"footnotes":""},"class_list":["post-13139","page","type-page","status-publish","hentry"],"_links":{"self":[{"href":"https:\/\/esperancas.com\/es\/wp-json\/wp\/v2\/pages\/13139","targetHints":{"allow":["GET"]}}],"collection":[{"href":"https:\/\/esperancas.com\/es\/wp-json\/wp\/v2\/pages"}],"about":[{"href":"https:\/\/esperancas.com\/es\/wp-json\/wp\/v2\/types\/page"}],"author":[{"embeddable":true,"href":"https:\/\/esperancas.com\/es\/wp-json\/wp\/v2\/users\/1"}],"replies":[{"embeddable":true,"href":"https:\/\/esperancas.com\/es\/wp-json\/wp\/v2\/comments?post=13139"}],"version-history":[{"count":43,"href":"https:\/\/esperancas.com\/es\/wp-json\/wp\/v2\/pages\/13139\/revisions"}],"predecessor-version":[{"id":13910,"href":"https:\/\/esperancas.com\/es\/wp-json\/wp\/v2\/pages\/13139\/revisions\/13910"}],"wp:attachment":[{"href":"https:\/\/esperancas.com\/es\/wp-json\/wp\/v2\/media?parent=13139"}],"curies":[{"name":"wp","href":"https:\/\/api.w.org\/{rel}","templated":true}]}}