{"id":13148,"date":"2017-06-19T14:15:17","date_gmt":"2017-06-19T14:15:17","guid":{"rendered":"https:\/\/esperancas.com\/?page_id=13148"},"modified":"2020-01-25T00:30:53","modified_gmt":"2020-01-25T00:30:53","slug":"equipamentos","status":"publish","type":"page","link":"https:\/\/esperancas.com\/es\/equipamentos\/","title":{"rendered":"Equipos"},"content":{"rendered":"<div id=\"fb-root\"><\/div>\n<p>[vc_row background_style=\u00bbcover\u00bb css=\u00bb.vc_custom_1427792769516{margin-top: 30px !important;}\u00bb][vc_column][vc_column_text]<\/p>\n<h1>Equipos<\/h1>\n<p>Para el \u00e1rea de Construcci\u00f3n, producimos material accesorio para Excavadoras, Cargadoras, Retroexcavadoras, Minicargadoras, Cargadoras m\u00faltiples, Niveladoras y Motoniveladoras.[\/vc_column_text][\/vc_column][\/vc_row][vc_row background_style=\u00bbcover\u00bb css=\u00bb.vc_custom_1428460385159{margin-top: -1px !important;}\u00bb][vc_column][vc_separator color=\u00bbcustom\u00bb accent_color=\u00bbrgba(0,0,0,0.1)\u00bb][\/vc_column][\/vc_row][vc_row background_style=\u00bbcover\u00bb css=\u00bb.vc_custom_1428460385159{margin-top: -1px !important;}\u00bb][vc_column][vc_tta_tour active_section=\u00bb1&#8243;][vc_tta_section title=\u00bbGRADES DE DISCOS E CHISEIS\u00bb tab_id=\u00bb1497881674277-655c47fe-b010&#8243;][vc_row_inner][vc_column_inner width=\u00bb1\/4&#8243;][vc_single_image][vc_empty_space height=\u00bb8px\u00bb][vc_column_text]<\/p>\n<h6 style=\"text-align: center;\"><b>GRADES LIGEIRAS<br \/>\n<\/b><\/h6>\n<p>[\/vc_column_text][\/vc_column_inner][vc_column_inner width=\u00bb1\/4&#8243;][vc_single_image][vc_empty_space height=\u00bb8px\u00bb][vc_column_text]<\/p>\n<h6 style=\"text-align: center;\">GRADES AUTOM\u00c1TICAS E HIDR\u00c1ULICAS<\/h6>\n<p>[\/vc_column_text][\/vc_column_inner][vc_column_inner width=\u00bb1\/4&#8243;][vc_single_image][vc_empty_space height=\u00bb8px\u00bb][vc_column_text]<\/p>\n<h6 style=\"text-align: center;\">GRADES PESADAS<\/h6>\n<p>[\/vc_column_text][\/vc_column_inner][vc_column_inner width=\u00bb1\/4&#8243;][vc_single_image image=\u00bb13585&#8243; img_size=\u00bb200&#215;141&#8243;][vc_empty_space height=\u00bb8px\u00bb][vc_column_text]<\/p>\n<h6 style=\"text-align: center;\">CHISEIS PESADOS<\/h6>\n<p>[\/vc_column_text][\/vc_column_inner][\/vc_row_inner][\/vc_tta_section][\/vc_tta_tour][\/vc_column][\/vc_row]<\/p>","protected":false},"excerpt":{"rendered":"<p>[vc_row background_style=\u00bbcover\u00bb css=\u00bb.vc_custom_1427792769516{margin-top: 30px !important;}\u00bb][vc_column][vc_column_text] Equipos Para el \u00e1rea de Construcci\u00f3n, producimos material accesorio para Excavadoras, Cargadoras, Retroexcavadoras, Minicargadoras, Cargadoras m\u00faltiples, Niveladoras y Motoniveladoras.[\/vc_column_text][\/vc_column][\/vc_row][vc_row background_style=\u00bbcover\u00bb css=\u00bb.vc_custom_1428460385159{margin-top: -1px !important;}\u00bb][vc_column][vc_separator color=\u00bbcustom\u00bb accent_color=\u00bbrgba(0,0,0,0.1)\u00bb][\/vc_column][\/vc_row][vc_row background_style=\u00bbcover\u00bb css=\u00bb.vc_custom_1428460385159{margin-top: -1px !important;}\u00bb][vc_column][vc_tta_tour active_section=\u00bb1&#8243;][vc_tta_section title=\u00bbGRADES DE DISCOS E CHISEIS\u00bb tab_id=\u00bb1497881674277-655c47fe-b010&#8243;][vc_row_inner][vc_column_inner width=\u00bb1\/4&#8243;][vc_single_image][vc_empty_space height=\u00bb8px\u00bb][vc_column_text] GRADES LIGEIRAS [\/vc_column_text][\/vc_column_inner][vc_column_inner width=\u00bb1\/4&#8243;][vc_single_image][vc_empty_space height=\u00bb8px\u00bb][vc_column_text] GRADES AUTOM\u00c1TICAS E HIDR\u00c1ULICAS [\/vc_column_text][\/vc_column_inner][vc_column_inner width=\u00bb1\/4&#8243;][vc_single_image][vc_empty_space height=\u00bb8px\u00bb][vc_column_text]&hellip;<\/p>\n","protected":false},"author":1,"featured_media":0,"parent":0,"menu_order":0,"comment_status":"closed","ping_status":"open","template":"fullwidth.php","meta":{"footnotes":""},"class_list":["post-13148","page","type-page","status-publish","hentry"],"_links":{"self":[{"href":"https:\/\/esperancas.com\/es\/wp-json\/wp\/v2\/pages\/13148","targetHints":{"allow":["GET"]}}],"collection":[{"href":"https:\/\/esperancas.com\/es\/wp-json\/wp\/v2\/pages"}],"about":[{"href":"https:\/\/esperancas.com\/es\/wp-json\/wp\/v2\/types\/page"}],"author":[{"embeddable":true,"href":"https:\/\/esperancas.com\/es\/wp-json\/wp\/v2\/users\/1"}],"replies":[{"embeddable":true,"href":"https:\/\/esperancas.com\/es\/wp-json\/wp\/v2\/comments?post=13148"}],"version-history":[{"count":8,"href":"https:\/\/esperancas.com\/es\/wp-json\/wp\/v2\/pages\/13148\/revisions"}],"predecessor-version":[{"id":13908,"href":"https:\/\/esperancas.com\/es\/wp-json\/wp\/v2\/pages\/13148\/revisions\/13908"}],"wp:attachment":[{"href":"https:\/\/esperancas.com\/es\/wp-json\/wp\/v2\/media?parent=13148"}],"curies":[{"name":"wp","href":"https:\/\/api.w.org\/{rel}","templated":true}]}}