{"id":12732,"date":"2017-03-21T14:43:07","date_gmt":"2017-03-21T14:43:07","guid":{"rendered":"https:\/\/esperancas.com\/?page_id=12732"},"modified":"2022-12-22T11:43:54","modified_gmt":"2022-12-22T11:43:54","slug":"produtos","status":"publish","type":"page","link":"https:\/\/esperancas.com\/fr\/produtos\/","title":{"rendered":"Nos Produits"},"content":{"rendered":"<div id=\"fb-root\"><\/div>\n<p>[vc_row background_style=\u00a0\u00bbcover\u00a0\u00bb css=\u00a0\u00bb.vc_custom_1427792769516{margin-top: 30px !important;}\u00a0\u00bb][vc_column][vc_column_text]<\/p>\n<h1>Produtos<\/h1>\n<p>O core do nosso neg\u00f3cio \u00e9 a concep\u00e7\u00e3o, fabrico e montagem de implementos em constru\u00e7\u00e3o soldada.[\/vc_column_text][\/vc_column][\/vc_row][vc_row background_style=\u00a0\u00bbcover\u00a0\u00bb css=\u00a0\u00bb.vc_custom_1428460385159{margin-top: -1px !important;}\u00a0\u00bb][vc_column][vc_separator color=\u00a0\u00bbcustom\u00a0\u00bb accent_color=\u00a0\u00bbrgba(0,0,0,0.1)\u00a0\u00bb][\/vc_column][\/vc_row][vc_row background_style=\u00a0\u00bbcover\u00a0\u00bb css=\u00a0\u00bb.vc_custom_1428460385159{margin-top: -1px !important;}\u00a0\u00bb][vc_column width=\u00a0\u00bb1\/3&Prime;][vc_single_image image=\u00a0\u00bb13960&Prime; img_size=\u00a0\u00bb360&#215;320&Prime; onclick=\u00a0\u00bbcustom_link\u00a0\u00bb image_hover=\u00a0\u00bbimage\u00a0\u00bb image_hover_src=\u00a0\u00bb13165&Prime; link=\u00a0\u00bbhttps:\/\/esperancas.com\/areas-de-actividade\/\u00a0\u00bb][\/vc_column][vc_column width=\u00a0\u00bb1\/3&Prime;][vc_single_image image=\u00a0\u00bb13961&Prime; img_size=\u00a0\u00bb360&#215;320&Prime; onclick=\u00a0\u00bbcustom_link\u00a0\u00bb image_hover=\u00a0\u00bbimage\u00a0\u00bb image_hover_src=\u00a0\u00bb13167&Prime; link=\u00a0\u00bbhttps:\/\/esperancas.com\/tipo-de-maquina\/\u00a0\u00bb][\/vc_column][vc_column width=\u00a0\u00bb1\/3&Prime;][vc_single_image image=\u00a0\u00bb13962&Prime; img_size=\u00a0\u00bb360&#215;320&Prime; onclick=\u00a0\u00bbcustom_link\u00a0\u00bb image_hover=\u00a0\u00bbimage\u00a0\u00bb image_hover_src=\u00a0\u00bb13169&Prime; link=\u00a0\u00bbhttps:\/\/esperancas.com\/equipamentos\/\u00a0\u00bb][\/vc_column][\/vc_row]<\/p>\n","protected":false},"excerpt":{"rendered":"<p>[vc_row background_style=\u00a0\u00bbcover\u00a0\u00bb css=\u00a0\u00bb.vc_custom_1427792769516{margin-top: 30px !important;}\u00a0\u00bb][vc_column][vc_column_text] Produtos O core do nosso neg\u00f3cio \u00e9 a concep\u00e7\u00e3o, fabrico e montagem de implementos em constru\u00e7\u00e3o soldada.[\/vc_column_text][\/vc_column][\/vc_row][vc_row background_style=\u00a0\u00bbcover\u00a0\u00bb css=\u00a0\u00bb.vc_custom_1428460385159{margin-top: -1px !important;}\u00a0\u00bb][vc_column][vc_separator color=\u00a0\u00bbcustom\u00a0\u00bb accent_color=\u00a0\u00bbrgba(0,0,0,0.1)\u00a0\u00bb][\/vc_column][\/vc_row][vc_row background_style=\u00a0\u00bbcover\u00a0\u00bb css=\u00a0\u00bb.vc_custom_1428460385159{margin-top: -1px !important;}\u00a0\u00bb][vc_column width=\u00a0\u00bb1\/3&Prime;][vc_single_image image=\u00a0\u00bb13960&Prime; img_size=\u00a0\u00bb360&#215;320&Prime; onclick=\u00a0\u00bbcustom_link\u00a0\u00bb image_hover=\u00a0\u00bbimage\u00a0\u00bb image_hover_src=\u00a0\u00bb13165&Prime; link=\u00a0\u00bbhttps:\/\/esperancas.com\/areas-de-actividade\/\u00a0\u00bb][\/vc_column][vc_column width=\u00a0\u00bb1\/3&Prime;][vc_single_image image=\u00a0\u00bb13961&Prime; img_size=\u00a0\u00bb360&#215;320&Prime; onclick=\u00a0\u00bbcustom_link\u00a0\u00bb image_hover=\u00a0\u00bbimage\u00a0\u00bb image_hover_src=\u00a0\u00bb13167&Prime; link=\u00a0\u00bbhttps:\/\/esperancas.com\/tipo-de-maquina\/\u00a0\u00bb][\/vc_column][vc_column width=\u00a0\u00bb1\/3&Prime;][vc_single_image image=\u00a0\u00bb13962&Prime; img_size=\u00a0\u00bb360&#215;320&Prime; onclick=\u00a0\u00bbcustom_link\u00a0\u00bb image_hover=\u00a0\u00bbimage\u00a0\u00bb image_hover_src=\u00a0\u00bb13169&Prime; link=\u00a0\u00bbhttps:\/\/esperancas.com\/equipamentos\/\u00a0\u00bb][\/vc_column][\/vc_row]<\/p>\n","protected":false},"author":1,"featured_media":0,"parent":0,"menu_order":0,"comment_status":"closed","ping_status":"open","template":"fullwidth.php","meta":{"footnotes":""},"class_list":["post-12732","page","type-page","status-publish","hentry"],"_links":{"self":[{"href":"https:\/\/esperancas.com\/fr\/wp-json\/wp\/v2\/pages\/12732","targetHints":{"allow":["GET"]}}],"collection":[{"href":"https:\/\/esperancas.com\/fr\/wp-json\/wp\/v2\/pages"}],"about":[{"href":"https:\/\/esperancas.com\/fr\/wp-json\/wp\/v2\/types\/page"}],"author":[{"embeddable":true,"href":"https:\/\/esperancas.com\/fr\/wp-json\/wp\/v2\/users\/1"}],"replies":[{"embeddable":true,"href":"https:\/\/esperancas.com\/fr\/wp-json\/wp\/v2\/comments?post=12732"}],"version-history":[{"count":74,"href":"https:\/\/esperancas.com\/fr\/wp-json\/wp\/v2\/pages\/12732\/revisions"}],"predecessor-version":[{"id":14056,"href":"https:\/\/esperancas.com\/fr\/wp-json\/wp\/v2\/pages\/12732\/revisions\/14056"}],"wp:attachment":[{"href":"https:\/\/esperancas.com\/fr\/wp-json\/wp\/v2\/media?parent=12732"}],"curies":[{"name":"wp","href":"https:\/\/api.w.org\/{rel}","templated":true}]}}