{"id":12766,"date":"2017-03-23T23:34:15","date_gmt":"2017-03-23T23:34:15","guid":{"rendered":"https:\/\/esperancas.com\/?page_id=12766"},"modified":"2025-05-28T20:07:46","modified_gmt":"2025-05-28T20:07:46","slug":"rodape-esperancas","status":"publish","type":"page","link":"https:\/\/esperancas.com\/fr\/rodape-esperancas\/","title":{"rendered":"(Portugu\u00eas) Rodap\u00e9 Esperan\u00e7as"},"content":{"rendered":"<div id=\"fb-root\"><\/div>\n<p><\/p>\n<p>[vc_row expanded=\u00a0\u00bb2&Prime; background_style=\u00a0\u00bbcover\u00a0\u00bb css=\u00a0\u00bb.vc_custom_1493028926660{padding-top: 10px !important;background-color: #444444 !important;}\u00a0\u00bb el_class=\u00a0\u00bbfooter-on-dark-bg\u00a0\u00bb][vc_column width=\u00a0\u00bb1\/4&Prime; css=\u00a0\u00bb.vc_custom_1429174439045{margin-bottom: 30px !important;padding-right: 40px !important;}\u00a0\u00bb][vc_column_text css=\u00a0\u00bb.vc_custom_1493224247382{margin-top: 20px !important;}\u00a0\u00bb]<img loading=\"lazy\" decoding=\"async\" class=\"alignnone wp-image-13075 size-full\" src=\"https:\/\/esperancas.com\/wp-content\/uploads\/2017\/03\/LogoSPR2_branco.png\" alt=\"\" width=\"190\" height=\"68\" \/><\/p>\n<p><span style=\"color: #9f9f9f;\">Empresa portuguesa com papel relevante no sector do fabrico e repara\u00e7\u00e3o de equipamentos met\u00e1licos. F<\/span><span style=\"color: #9f9f9f;\">abrico e montagem de implementos para os sectores da constru\u00e7\u00e3o civil e obras p\u00fablicas, agricultura, floresta e ambiente.<\/span>[\/vc_column_text]<div id=\"section-5\" class=\"dt-section-head left vc_custom_1490348872997 size-small\" dir=\"ltr\">\n            <div class=\"dt-section-container\"><h2 class=\"section-main-title section-heading-thin-border thin-left\" style=\"color:#ffffff;border-color:#cf0a2c\">\n                Redes Sociais\n            <\/h2>\n            <\/div><\/div>[vc_column_text]<a href=\"https:\/\/www.facebook.com\/SPResperancas\/?fref=ts\" target=\"_blank\" rel=\"noopener noreferrer\"><span style=\"color: #9f9f9f;\"><i class=\"dt-icon icon-social-facebook43\"><\/i> <span style=\"font-size: 1.1em;\">Facebook<\/span><\/span><\/a><\/p>\n<p><a href=\"https:\/\/www.youtube.com\/user\/SPResperancas\" target=\"_blank\" rel=\"noopener noreferrer\"><span style=\"color: #9f9f9f;\"><i class=\"dt-icon icon-social-youtube28\"><\/i> <span style=\"font-size: 1.1em;\">Youtube<\/span><\/span><\/a><\/p>\n<p><a href=\"https:\/\/www.linkedin.com\/company\/spr-esperancas\" target=\"_blank\" rel=\"noopener noreferrer\"><span style=\"color: #9f9f9f;\"><i class=\"dt-icon icon-social-linkedin20\"><\/i> LinkedIn<\/span><\/a>[\/vc_column_text][\/vc_column][vc_column width=\u00a0\u00bb1\/4&Prime; css=\u00a0\u00bb.vc_custom_1429174448910{margin-bottom: 30px !important;}\u00a0\u00bb]<div id=\"section-6\" class=\"dt-section-head left vc_custom_1490348855803 size-small\" dir=\"ltr\">\n            <div class=\"dt-section-container\"><h2 class=\"section-main-title section-heading-thin-border thin-left\" style=\"color:#ffffff;border-color:#cf0a2c\">\n                Contactos\n            <\/h2>\n            <\/div><\/div>[vc_column_text]<\/p>\n<p style=\"text-align: left;\">JJM ESPERAN\u00c7A, LDA<\/p>\n<p><span style=\"font-size: 1.1em;\"><i class=\"dt-icon icon-miu-house129\"><\/i>RUA G, LOTE 1,<br \/>\nPARQUE EMPRESARIAL DE TOMAR<br \/>\n2305-400 Madalena &#8211; Tomar<br \/>\nPORTUGAL<\/span><\/p>\n<p><span style=\"font-size: 1.1em;\"><i class=\"dt-icon icon-miu-telephone96\"><\/i> *<\/span><span style=\"font-size: 1.1em;\">(+351) 249 380 600<\/span><\/p>\n<p><span style=\"font-size: 1.1em;\"><i class=\"dt-icon icon-miu-printer78\"><\/i> *<\/span><span style=\"font-size: 1.1em;\">(+351) 249 380 609<\/span><\/p>\n<p><span style=\"font-size: 1.1em;\"><span style=\"font-size: small;\">*(Chamada para a rede fixa nacional)<\/span><\/span><\/p>\n<p><span style=\"font-size: 1.1em;\"><i class=\"dt-icon icon-miu-email73\"><\/i>geral@esperancas.com<\/span>[\/vc_column_text][\/vc_column][vc_column width=\u00a0\u00bb1\/2&Prime;][vc_single_image image=\u00a0\u00bb13435&Prime; img_size=\u00a0\u00bb441&#215;75&Prime; onclick=\u00a0\u00bbcustom_link\u00a0\u00bb img_link_target=\u00a0\u00bb_blank\u00a0\u00bb link=\u00a0\u00bbhttps:\/\/esperancas.com\/wp-content\/uploads\/2019\/10\/ficha-web_JJM-Esperan\u00e7a_V1.pdf\u00a0\u00bb][vc_single_image image=\u00a0\u00bb14024&Prime; img_size=\u00a0\u00bb435&#215;65&Prime; onclick=\u00a0\u00bbcustom_link\u00a0\u00bb img_link_target=\u00a0\u00bb_blank\u00a0\u00bb link=\u00a0\u00bbhttps:\/\/esperancas.com\/wp-content\/uploads\/2021\/12\/ficha-proj-esperancas-feder.pdf\u00a0\u00bb][vc_single_image image=\u00a0\u00bb14123&Prime; img_size=\u00a0\u00bb435&#215;65&Prime; onclick=\u00a0\u00bbcustom_link\u00a0\u00bb img_link_target=\u00a0\u00bb_blank\u00a0\u00bb link=\u00a0\u00bbhttps:\/\/esperancas.com\/wp-content\/uploads\/2025\/02\/Esperancas-2425-Ficha-tecnica-1.pdf\u00a0\u00bb][vc_single_image image=\u00a0\u00bb14102&Prime; onclick=\u00a0\u00bbcustom_link\u00a0\u00bb link=\u00a0\u00bbhttps:\/\/esperancas.com\/go-iepe\/\u00a0\u00bb][vc_single_image image=\u00a0\u00bb13540&Prime; img_size=\u00a0\u00bb184&#215;93&Prime; onclick=\u00a0\u00bbcustom_link\u00a0\u00bb img_link_target=\u00a0\u00bb_blank\u00a0\u00bb link=\u00a0\u00bbhttps:\/\/www.certipedia.com\/quality_marks\/9108632380?locale=en\u00a0\u00bb][\/vc_column][\/vc_row][vc_row expanded=\u00a0\u00bb2&Prime; background_style=\u00a0\u00bbcover\u00a0\u00bb css=\u00a0\u00bb.vc_custom_1493029634169{margin-top: 0px !important;margin-bottom: -40px !important;padding-top: 10px !important;background-color: #333333 !important;}\u00a0\u00bb el_class=\u00a0\u00bbfooter-on-dark-bg\u00a0\u00bb][vc_column css=\u00a0\u00bb.vc_custom_1493028392656{padding-top: 10px !important;}\u00a0\u00bb][vc_column_text el_class=\u00a0\u00bbtext-centered-under-sm\u00a0\u00bb]SPR Esperan\u00e7as\u00a0\u00a9 2017 Powered by <a href=\"http:\/\/insidevanity.pt\/\" target=\"_blank\" rel=\"noopener noreferrer\">INSIDEVANITY<\/a>. Todos os Direitos Reservados[\/vc_column_text][\/vc_column][\/vc_row]<\/p>\n<p><\/p>","protected":false},"excerpt":{"rendered":"<p>[vc_row expanded=\u00a0\u00bb2&Prime; background_style=\u00a0\u00bbcover\u00a0\u00bb css=\u00a0\u00bb.vc_custom_1493028926660{padding-top: 10px !important;background-color: #444444 !important;}\u00a0\u00bb el_class=\u00a0\u00bbfooter-on-dark-bg\u00a0\u00bb][vc_column width=\u00a0\u00bb1\/4&Prime; css=\u00a0\u00bb.vc_custom_1429174439045{margin-bottom: 30px !important;padding-right: 40px !important;}\u00a0\u00bb][vc_column_text css=\u00a0\u00bb.vc_custom_1493224247382{margin-top: 20px !important;}\u00a0\u00bb] Empresa portuguesa com papel relevante no sector do fabrico e repara\u00e7\u00e3o de equipamentos met\u00e1licos. Fabrico e montagem de implementos para os sectores da constru\u00e7\u00e3o civil e obras p\u00fablicas, agricultura, floresta e ambiente.[\/vc_column_text][vc_column_text] Facebook Youtube LinkedIn[\/vc_column_text][\/vc_column][vc_column width=\u00a0\u00bb1\/4&Prime; css=\u00a0\u00bb.vc_custom_1429174448910{margin-bottom:&hellip;<\/p>\n","protected":false},"author":1,"featured_media":0,"parent":0,"menu_order":0,"comment_status":"closed","ping_status":"closed","template":"squeeze.php","meta":{"footnotes":""},"class_list":["post-12766","page","type-page","status-publish","hentry"],"_links":{"self":[{"href":"https:\/\/esperancas.com\/fr\/wp-json\/wp\/v2\/pages\/12766","targetHints":{"allow":["GET"]}}],"collection":[{"href":"https:\/\/esperancas.com\/fr\/wp-json\/wp\/v2\/pages"}],"about":[{"href":"https:\/\/esperancas.com\/fr\/wp-json\/wp\/v2\/types\/page"}],"author":[{"embeddable":true,"href":"https:\/\/esperancas.com\/fr\/wp-json\/wp\/v2\/users\/1"}],"replies":[{"embeddable":true,"href":"https:\/\/esperancas.com\/fr\/wp-json\/wp\/v2\/comments?post=12766"}],"version-history":[{"count":109,"href":"https:\/\/esperancas.com\/fr\/wp-json\/wp\/v2\/pages\/12766\/revisions"}],"predecessor-version":[{"id":14139,"href":"https:\/\/esperancas.com\/fr\/wp-json\/wp\/v2\/pages\/12766\/revisions\/14139"}],"wp:attachment":[{"href":"https:\/\/esperancas.com\/fr\/wp-json\/wp\/v2\/media?parent=12766"}],"curies":[{"name":"wp","href":"https:\/\/api.w.org\/{rel}","templated":true}]}}