{"id":13139,"date":"2017-06-19T13:32:45","date_gmt":"2017-06-19T13:32:45","guid":{"rendered":"https:\/\/esperancas.com\/?page_id=13139"},"modified":"2020-01-25T01:03:08","modified_gmt":"2020-01-25T01:03:08","slug":"areas-de-actividade","status":"publish","type":"page","link":"https:\/\/esperancas.com\/fr\/areas-de-actividade\/","title":{"rendered":"Domaines D\u00b4activit\u00e9"},"content":{"rendered":"<div id=\"fb-root\"><\/div>\n<p>[vc_row background_style=\u00a0\u00bbcover\u00a0\u00bb css=\u00a0\u00bb.vc_custom_1427792769516{margin-top: 30px !important;}\u00a0\u00bb][vc_column][vc_column_text]<\/p>\n<h1>DOMAINES D&rsquo;ACTIVIT\u00c9<\/h1>\n<p>Le c\u0153ur de notre m\u00e9tier est la conception, la fabrication et l&rsquo;assemblage d&rsquo;outils en construction soud\u00e9e pour les secteurs suivants:[\/vc_column_text][\/vc_column][\/vc_row][vc_row background_style=\u00a0\u00bbcover\u00a0\u00bb css=\u00a0\u00bb.vc_custom_1428460385159{margin-top: -1px !important;}\u00a0\u00bb][vc_column][vc_separator color=\u00a0\u00bbcustom\u00a0\u00bb accent_color=\u00a0\u00bbrgba(0,0,0,0.1)\u00a0\u00bb][\/vc_column][\/vc_row][vc_row background_style=\u00a0\u00bbcover\u00a0\u00bb css=\u00a0\u00bb.vc_custom_1428460385159{margin-top: -1px !important;}\u00a0\u00bb][vc_column][vc_tta_tour active_section=\u00a0\u00bb1&Prime;][vc_tta_section title=\u00a0\u00bbLE B\u00c2TIMENT ET TP\u00a0\u00bb tab_id=\u00a0\u00bb1493215768927-0bbfd871-a7d6&Prime;][vc_empty_space height=\u00a0\u00bb8px\u00a0\u00bb][vc_row_inner][vc_column_inner width=\u00a0\u00bb1\/4&Prime;][vc_single_image image=\u00a0\u00bb13414&Prime; img_size=\u00a0\u00bb450&#215;400&Prime; onclick=\u00a0\u00bbcustom_link\u00a0\u00bb link=\u00a0\u00bbhttps:\/\/esperancas.com\/construcao-e-obras-publicas\/#1493215768927-0bbfd871-a7d6&Prime;][vc_empty_space height=\u00a0\u00bb8px\u00a0\u00bb][vc_column_text]<\/p>\n<h6 style=\"text-align: center;\"><b>MINI-PELLES<\/b><\/h6>\n<p>[\/vc_column_text][\/vc_column_inner][vc_column_inner width=\u00a0\u00bb1\/4&Prime;][vc_single_image image=\u00a0\u00bb13416&Prime; img_size=\u00a0\u00bb450&#215;400&Prime; onclick=\u00a0\u00bbcustom_link\u00a0\u00bb link=\u00a0\u00bbhttps:\/\/esperancas.com\/construcao-e-obras-publicas\/#1493982752899-bc987553-2d17&Prime;][vc_empty_space height=\u00a0\u00bb8px\u00a0\u00bb][vc_column_text]<\/p>\n<h6 style=\"text-align: center;\">PELLES<\/h6>\n<p>[\/vc_column_text][\/vc_column_inner][vc_column_inner width=\u00a0\u00bb1\/4&Prime;][vc_single_image image=\u00a0\u00bb13411&Prime; img_size=\u00a0\u00bb450&#215;400&Prime; onclick=\u00a0\u00bbcustom_link\u00a0\u00bb link=\u00a0\u00bbhttps:\/\/esperancas.com\/construcao-e-obras-publicas\/#1493982798095-8a541a14-9f11&Prime;][vc_empty_space height=\u00a0\u00bb8px\u00a0\u00bb][vc_column_text]<\/p>\n<h6 style=\"text-align: center;\">TRACTOPELLES<\/h6>\n<p>[\/vc_column_text][\/vc_column_inner][vc_column_inner width=\u00a0\u00bb1\/4&Prime;][vc_single_image image=\u00a0\u00bb13409&Prime; img_size=\u00a0\u00bb450&#215;400&Prime; onclick=\u00a0\u00bbcustom_link\u00a0\u00bb link=\u00a0\u00bbhttps:\/\/esperancas.com\/construcao-e-obras-publicas\/#1493982875881-3ffa8a09-adfd\u00a0\u00bb][vc_empty_space height=\u00a0\u00bb8px\u00a0\u00bb][vc_column_text]<\/p>\n<h6 style=\"text-align: center;\"><b>CHARGEURS COMPACTS<\/b><\/h6>\n<p>[\/vc_column_text][\/vc_column_inner][\/vc_row_inner][vc_row_inner][vc_column_inner width=\u00a0\u00bb1\/4&Prime;][vc_single_image image=\u00a0\u00bb13410&Prime; img_size=\u00a0\u00bb450&#215;400&Prime; onclick=\u00a0\u00bbcustom_link\u00a0\u00bb link=\u00a0\u00bbhttps:\/\/esperancas.com\/construcao-e-obras-publicas\/#1493982912048-77c0ba9e-2de4&Prime;][vc_empty_space height=\u00a0\u00bb8px\u00a0\u00bb][vc_column_text]<\/p>\n<h6 style=\"text-align: center;\">T\u00c9L\u00c9SCOPIQUES<\/h6>\n<p>[\/vc_column_text][\/vc_column_inner][vc_column_inner width=\u00a0\u00bb1\/4&Prime;][vc_single_image image=\u00a0\u00bb13417&Prime; img_size=\u00a0\u00bb450&#215;400&Prime; onclick=\u00a0\u00bbcustom_link\u00a0\u00bb link=\u00a0\u00bbhttps:\/\/esperancas.com\/construcao-e-obras-publicas\/#1493982940597-49115a47-82c7&Prime;][vc_empty_space height=\u00a0\u00bb8px\u00a0\u00bb][vc_column_text]<\/p>\n<h6 style=\"text-align: center;\">CHARGEUSES<\/h6>\n<p>[\/vc_column_text][\/vc_column_inner][vc_column_inner width=\u00a0\u00bb1\/4&Prime;][vc_single_image image=\u00a0\u00bb13418&Prime; img_size=\u00a0\u00bb450&#215;400&Prime; onclick=\u00a0\u00bbcustom_link\u00a0\u00bb link=\u00a0\u00bbhttps:\/\/esperancas.com\/construcao-e-obras-publicas\/#1493982976471-7efd1eaf-f3a8&Prime;][vc_empty_space height=\u00a0\u00bb8px\u00a0\u00bb][vc_column_text]<\/p>\n<h6 style=\"text-align: center;\">TRACTEURS \u00c0 CHA\u00ceNES<\/h6>\n<p>[\/vc_column_text][\/vc_column_inner][vc_column_inner width=\u00a0\u00bb1\/4&Prime;][vc_single_image image=\u00a0\u00bb13419&Prime; img_size=\u00a0\u00bb450&#215;400&Prime; onclick=\u00a0\u00bbcustom_link\u00a0\u00bb link=\u00a0\u00bbhttps:\/\/esperancas.com\/construcao-e-obras-publicas\/#1493983163738-d84678ae-f6ed\u00a0\u00bb][vc_empty_space height=\u00a0\u00bb8px\u00a0\u00bb][vc_column_text]<\/p>\n<h6 style=\"text-align: center;\">NIVELEUSES<\/h6>\n<p>[\/vc_column_text][\/vc_column_inner][\/vc_row_inner][vc_row_inner][vc_column_inner width=\u00a0\u00bb1\/4&Prime;][vc_single_image image=\u00a0\u00bb13423&Prime; img_size=\u00a0\u00bb450&#215;400&Prime; onclick=\u00a0\u00bbcustom_link\u00a0\u00bb link=\u00a0\u00bbhttps:\/\/esperancas.com\/construcao-e-obras-publicas\/#1493983209982-7bef0ec8-686b\u00a0\u00bb][vc_empty_space height=\u00a0\u00bb8px\u00a0\u00bb][vc_column_text]<\/p>\n<h6 style=\"text-align: center;\">TOMBEREAUX ARTICUL\u00c9S<\/h6>\n<p>[\/vc_column_text][\/vc_column_inner][vc_column_inner width=\u00a0\u00bb1\/4&Prime;][\/vc_column_inner][vc_column_inner width=\u00a0\u00bb1\/4&Prime;][\/vc_column_inner][vc_column_inner width=\u00a0\u00bb1\/4&Prime;][\/vc_column_inner][\/vc_row_inner][\/vc_tta_section][vc_tta_section title=\u00a0\u00bbFOREST\u00a0\u00bb tab_id=\u00a0\u00bb1493215768981-6d518c26-6ea7&Prime;][vc_row_inner][vc_column_inner width=\u00a0\u00bb1\/4&Prime;][vc_single_image image=\u00a0\u00bb13414&Prime; img_size=\u00a0\u00bb450&#215;400&Prime;][vc_empty_space height=\u00a0\u00bb8px\u00a0\u00bb][vc_column_text]<\/p>\n<h6 style=\"text-align: center;\"><b>MINI-PELLES<\/b><\/h6>\n<p>[\/vc_column_text][\/vc_column_inner][vc_column_inner width=\u00a0\u00bb1\/4&Prime;][vc_single_image image=\u00a0\u00bb13416&Prime; img_size=\u00a0\u00bb450&#215;400&Prime;][vc_empty_space height=\u00a0\u00bb8px\u00a0\u00bb][vc_column_text]<\/p>\n<h6 style=\"text-align: center;\">PELLES<\/h6>\n<p>[\/vc_column_text][\/vc_column_inner][vc_column_inner width=\u00a0\u00bb1\/4&Prime;][vc_single_image image=\u00a0\u00bb13411&Prime; img_size=\u00a0\u00bb450&#215;400&Prime;][vc_empty_space height=\u00a0\u00bb8px\u00a0\u00bb][vc_column_text]<\/p>\n<h6 style=\"text-align: center;\">TRACTOPELLES<\/h6>\n<p>[\/vc_column_text][\/vc_column_inner][vc_column_inner width=\u00a0\u00bb1\/4&Prime;][vc_single_image image=\u00a0\u00bb13409&Prime; img_size=\u00a0\u00bb450&#215;400&Prime;][vc_empty_space height=\u00a0\u00bb8px\u00a0\u00bb][vc_column_text]<\/p>\n<h6 style=\"text-align: center;\"><b>CHARGEURS COMPACTS<\/b><\/h6>\n<p>[\/vc_column_text][\/vc_column_inner][\/vc_row_inner][vc_row_inner][vc_column_inner width=\u00a0\u00bb1\/4&Prime;][vc_single_image image=\u00a0\u00bb13410&Prime; img_size=\u00a0\u00bb450&#215;400&Prime;][vc_empty_space height=\u00a0\u00bb8px\u00a0\u00bb][vc_column_text]<\/p>\n<h6 style=\"text-align: center;\">T\u00c9L\u00c9SCOPIQUES<\/h6>\n<p>[\/vc_column_text][\/vc_column_inner][vc_column_inner width=\u00a0\u00bb1\/4&Prime;][vc_single_image image=\u00a0\u00bb13417&Prime; img_size=\u00a0\u00bb450&#215;400&Prime;][vc_empty_space height=\u00a0\u00bb8px\u00a0\u00bb][vc_column_text]<\/p>\n<h6 style=\"text-align: center;\">CHARGEUSES<\/h6>\n<p>[\/vc_column_text][\/vc_column_inner][vc_column_inner width=\u00a0\u00bb1\/4&Prime;][vc_single_image image=\u00a0\u00bb13418&Prime; img_size=\u00a0\u00bb450&#215;400&Prime;][vc_empty_space height=\u00a0\u00bb8px\u00a0\u00bb][vc_column_text]<\/p>\n<h6 style=\"text-align: center;\">TRACTEURS \u00c0 CHA\u00ceNES<\/h6>\n<p>[\/vc_column_text][\/vc_column_inner][vc_column_inner width=\u00a0\u00bb1\/4&Prime;][vc_single_image image=\u00a0\u00bb13419&Prime; img_size=\u00a0\u00bb450&#215;400&Prime;][vc_empty_space height=\u00a0\u00bb8px\u00a0\u00bb][vc_column_text]<\/p>\n<h6 style=\"text-align: center;\">NIVELEUSES<\/h6>\n<p>[\/vc_column_text][\/vc_column_inner][\/vc_row_inner][vc_row_inner][vc_column_inner width=\u00a0\u00bb1\/4&Prime;][vc_single_image image=\u00a0\u00bb13420&Prime; img_size=\u00a0\u00bb450&#215;400&Prime;][vc_empty_space height=\u00a0\u00bb8px\u00a0\u00bb][vc_column_text]<\/p>\n<h6 style=\"text-align: center;\">PELLES POUR MANUTENTION<\/h6>\n<p>[\/vc_column_text][\/vc_column_inner][vc_column_inner width=\u00a0\u00bb1\/4&Prime;][\/vc_column_inner][vc_column_inner width=\u00a0\u00bb1\/4&Prime;][\/vc_column_inner][vc_column_inner width=\u00a0\u00bb1\/4&Prime;][\/vc_column_inner][\/vc_row_inner][\/vc_tta_section][vc_tta_section title=\u00a0\u00bbLE RECYCLAGE ET L&rsquo;ENVIRONNEMENT\u00a0\u00bb tab_id=\u00a0\u00bb1497294031912-186ad50b-f654&Prime;][vc_row_inner][vc_column_inner width=\u00a0\u00bb1\/4&Prime;][vc_single_image image=\u00a0\u00bb13414&Prime; img_size=\u00a0\u00bb450&#215;400&Prime;][vc_empty_space height=\u00a0\u00bb8px\u00a0\u00bb][vc_column_text]<\/p>\n<h6 style=\"text-align: center;\"><b>MINI-PELLES<\/b><\/h6>\n<p>[\/vc_column_text][\/vc_column_inner][vc_column_inner width=\u00a0\u00bb1\/4&Prime;][vc_single_image image=\u00a0\u00bb13416&Prime; img_size=\u00a0\u00bb450&#215;400&Prime;][vc_empty_space height=\u00a0\u00bb8px\u00a0\u00bb][vc_column_text]<\/p>\n<h6 style=\"text-align: center;\">PELLES<\/h6>\n<p>[\/vc_column_text][\/vc_column_inner][vc_column_inner width=\u00a0\u00bb1\/4&Prime;][vc_single_image image=\u00a0\u00bb13411&Prime; img_size=\u00a0\u00bb450&#215;400&Prime;][vc_empty_space height=\u00a0\u00bb8px\u00a0\u00bb][vc_column_text]<\/p>\n<h6 style=\"text-align: center;\">TRACTOPELLES<\/h6>\n<p>[\/vc_column_text][\/vc_column_inner][vc_column_inner width=\u00a0\u00bb1\/4&Prime;][vc_single_image image=\u00a0\u00bb13409&Prime; img_size=\u00a0\u00bb450&#215;400&Prime;][vc_empty_space height=\u00a0\u00bb8px\u00a0\u00bb][vc_column_text]<\/p>\n<h6 style=\"text-align: center;\"><b>CHARGEURS COMPACTS<\/b><\/h6>\n<p>[\/vc_column_text][\/vc_column_inner][\/vc_row_inner][vc_row_inner][vc_column_inner width=\u00a0\u00bb1\/4&Prime;][vc_single_image image=\u00a0\u00bb13410&Prime; img_size=\u00a0\u00bb450&#215;400&Prime;][vc_empty_space height=\u00a0\u00bb8px\u00a0\u00bb][vc_column_text]<\/p>\n<h6 style=\"text-align: center;\">T\u00c9L\u00c9SCOPIQUES<\/h6>\n<p>[\/vc_column_text][\/vc_column_inner][vc_column_inner width=\u00a0\u00bb1\/4&Prime;][vc_single_image image=\u00a0\u00bb13417&Prime; img_size=\u00a0\u00bb450&#215;400&Prime;][vc_empty_space height=\u00a0\u00bb8px\u00a0\u00bb][vc_column_text]<\/p>\n<h6 style=\"text-align: center;\">CHARGEUSES<\/h6>\n<p>[\/vc_column_text][\/vc_column_inner][vc_column_inner width=\u00a0\u00bb1\/4&Prime;][vc_single_image image=\u00a0\u00bb13418&Prime; img_size=\u00a0\u00bb450&#215;400&Prime;][vc_empty_space height=\u00a0\u00bb8px\u00a0\u00bb][vc_column_text]<\/p>\n<h6 style=\"text-align: center;\">TRACTEURS \u00c0 CHA\u00ceNES<\/h6>\n<p>[\/vc_column_text][\/vc_column_inner][vc_column_inner width=\u00a0\u00bb1\/4&Prime;][vc_single_image image=\u00a0\u00bb13419&Prime; img_size=\u00a0\u00bb450&#215;400&Prime;][vc_empty_space height=\u00a0\u00bb8px\u00a0\u00bb][vc_column_text]<\/p>\n<h6 style=\"text-align: center;\">NIVELEUSES<\/h6>\n<p>[\/vc_column_text][\/vc_column_inner][\/vc_row_inner][vc_row_inner][vc_column_inner width=\u00a0\u00bb1\/4&Prime;][vc_single_image image=\u00a0\u00bb13420&Prime; img_size=\u00a0\u00bb450&#215;400&Prime;][vc_empty_space height=\u00a0\u00bb8px\u00a0\u00bb][vc_column_text]<\/p>\n<h6 style=\"text-align: center;\">PELLES POUR MANUTENTION<\/h6>\n<p>[\/vc_column_text][\/vc_column_inner][vc_column_inner width=\u00a0\u00bb1\/4&Prime;][\/vc_column_inner][vc_column_inner width=\u00a0\u00bb1\/4&Prime;][\/vc_column_inner][vc_column_inner width=\u00a0\u00bb1\/4&Prime;][\/vc_column_inner][\/vc_row_inner][\/vc_tta_section][vc_tta_section title=\u00a0\u00bbAGRICULTURE\u00a0\u00bb tab_id=\u00a0\u00bb1493215946860-33c094db-274d\u00a0\u00bb][vc_row_inner][vc_column_inner width=\u00a0\u00bb1\/4&Prime;][vc_single_image image=\u00a0\u00bb13409&Prime; img_size=\u00a0\u00bb450&#215;400&Prime;][vc_empty_space height=\u00a0\u00bb8px\u00a0\u00bb][vc_column_text]<\/p>\n<h6 style=\"text-align: center;\"><b>CHARGEURS COMPACTS<\/b><\/h6>\n<p>[\/vc_column_text][\/vc_column_inner][vc_column_inner width=\u00a0\u00bb1\/4&Prime;][vc_single_image image=\u00a0\u00bb13410&Prime; img_size=\u00a0\u00bb450&#215;400&Prime;][vc_empty_space height=\u00a0\u00bb8px\u00a0\u00bb][vc_column_text]<\/p>\n<h6 style=\"text-align: center;\">T\u00c9L\u00c9SCOPIQUES<\/h6>\n<p>[\/vc_column_text][\/vc_column_inner][vc_column_inner width=\u00a0\u00bb1\/4&Prime;][vc_single_image image=\u00a0\u00bb13411&Prime; img_size=\u00a0\u00bb450&#215;400&Prime;][vc_empty_space height=\u00a0\u00bb8px\u00a0\u00bb][vc_column_text]<\/p>\n<h6 style=\"text-align: center;\">TRACTOPELLES<\/h6>\n<p>[\/vc_column_text][\/vc_column_inner][vc_column_inner width=\u00a0\u00bb1\/4&Prime;][vc_single_image image=\u00a0\u00bb13412&Prime; img_size=\u00a0\u00bb450&#215;400&Prime;][vc_empty_space height=\u00a0\u00bb8px\u00a0\u00bb][vc_column_text]<\/p>\n<h6 style=\"text-align: center;\">TRACTEURS<\/h6>\n<p>[\/vc_column_text][\/vc_column_inner][\/vc_row_inner][\/vc_tta_section][\/vc_tta_tour][\/vc_column][\/vc_row]<\/p>","protected":false},"excerpt":{"rendered":"<p>[vc_row background_style=\u00a0\u00bbcover\u00a0\u00bb css=\u00a0\u00bb.vc_custom_1427792769516{margin-top: 30px !important;}\u00a0\u00bb][vc_column][vc_column_text] DOMAINES D&rsquo;ACTIVIT\u00c9 Le c\u0153ur de notre m\u00e9tier est la conception, la fabrication et l&rsquo;assemblage d&rsquo;outils en construction soud\u00e9e pour les secteurs suivants:[\/vc_column_text][\/vc_column][\/vc_row][vc_row background_style=\u00a0\u00bbcover\u00a0\u00bb css=\u00a0\u00bb.vc_custom_1428460385159{margin-top: -1px !important;}\u00a0\u00bb][vc_column][vc_separator color=\u00a0\u00bbcustom\u00a0\u00bb accent_color=\u00a0\u00bbrgba(0,0,0,0.1)\u00a0\u00bb][\/vc_column][\/vc_row][vc_row background_style=\u00a0\u00bbcover\u00a0\u00bb css=\u00a0\u00bb.vc_custom_1428460385159{margin-top: -1px !important;}\u00a0\u00bb][vc_column][vc_tta_tour active_section=\u00a0\u00bb1&Prime;][vc_tta_section title=\u00a0\u00bbLE B\u00c2TIMENT ET TP\u00a0\u00bb tab_id=\u00a0\u00bb1493215768927-0bbfd871-a7d6&Prime;][vc_empty_space height=\u00a0\u00bb8px\u00a0\u00bb][vc_row_inner][vc_column_inner width=\u00a0\u00bb1\/4&Prime;][vc_single_image image=\u00a0\u00bb13414&Prime; img_size=\u00a0\u00bb450&#215;400&Prime; onclick=\u00a0\u00bbcustom_link\u00a0\u00bb link=\u00a0\u00bbhttps:\/\/esperancas.com\/construcao-e-obras-publicas\/#1493215768927-0bbfd871-a7d6&Prime;][vc_empty_space height=\u00a0\u00bb8px\u00a0\u00bb][vc_column_text] MINI-PELLES [\/vc_column_text][\/vc_column_inner][vc_column_inner width=\u00a0\u00bb1\/4&Prime;][vc_single_image image=\u00a0\u00bb13416&Prime; img_size=\u00a0\u00bb450&#215;400&Prime;&hellip;<\/p>\n","protected":false},"author":1,"featured_media":0,"parent":0,"menu_order":0,"comment_status":"closed","ping_status":"open","template":"fullwidth.php","meta":{"footnotes":""},"class_list":["post-13139","page","type-page","status-publish","hentry"],"_links":{"self":[{"href":"https:\/\/esperancas.com\/fr\/wp-json\/wp\/v2\/pages\/13139","targetHints":{"allow":["GET"]}}],"collection":[{"href":"https:\/\/esperancas.com\/fr\/wp-json\/wp\/v2\/pages"}],"about":[{"href":"https:\/\/esperancas.com\/fr\/wp-json\/wp\/v2\/types\/page"}],"author":[{"embeddable":true,"href":"https:\/\/esperancas.com\/fr\/wp-json\/wp\/v2\/users\/1"}],"replies":[{"embeddable":true,"href":"https:\/\/esperancas.com\/fr\/wp-json\/wp\/v2\/comments?post=13139"}],"version-history":[{"count":43,"href":"https:\/\/esperancas.com\/fr\/wp-json\/wp\/v2\/pages\/13139\/revisions"}],"predecessor-version":[{"id":13910,"href":"https:\/\/esperancas.com\/fr\/wp-json\/wp\/v2\/pages\/13139\/revisions\/13910"}],"wp:attachment":[{"href":"https:\/\/esperancas.com\/fr\/wp-json\/wp\/v2\/media?parent=13139"}],"curies":[{"name":"wp","href":"https:\/\/api.w.org\/{rel}","templated":true}]}}